{"id":5564,"date":"2022-06-16T09:03:51","date_gmt":"2022-06-16T08:03:51","guid":{"rendered":"https:\/\/badcatsailing.com\/port-base\/"},"modified":"2026-03-27T20:33:29","modified_gmt":"2026-03-27T19:33:29","slug":"port-base","status":"publish","type":"page","link":"https:\/\/badcatsailing.com\/ca\/port-base\/","title":{"rendered":"Port base"},"content":{"rendered":"\t\t<div data-elementor-type=\"wp-page\" data-elementor-id=\"5564\" class=\"elementor elementor-5564 elementor-282\" data-elementor-post-type=\"page\">\n\t\t\t\t<!-- dce invisible element 401a5a2 --><div class=\"elementor-element elementor-element-2e007f8 e-con-full e-flex e-con e-parent\" data-id=\"2e007f8\" data-element_type=\"container\" data-e-type=\"container\" data-settings=\"{&quot;enabled_visibility&quot;:&quot;yes&quot;,&quot;dce_visibility_selected&quot;:&quot;yes&quot;}\">\n\t\t\t\t<div data-dce-title-color=\"#000000\" class=\"elementor-element elementor-element-115c555 elementor-widget elementor-widget-heading\" data-id=\"115c555\" data-element_type=\"widget\" data-e-type=\"widget\" data-widget_type=\"heading.default\">\n\t\t\t\t\t<h1 class=\"elementor-heading-title elementor-size-default\">PORT D'ARO<\/h1>\t\t\t\t<\/div>\n\t\t\t\t<div class=\"elementor-element elementor-element-0812740 elementor-widget elementor-widget-text-editor\" data-id=\"0812740\" data-element_type=\"widget\" data-e-type=\"widget\" data-widget_type=\"text-editor.default\">\n\t\t\t\t\t\t\t\t\t<p>Totes les nostres experi\u00e8ncies s&#8217;enlairen des de Port d&#8217;Aro, el nostre port base. El Club N\u00e0utic Port d&#8217;Aro \u00e9s un port obert a tothom que es vulgui amarrar, ja sigui des d&#8217;una nit, fins a una temporada completa. A m\u00e9s, mant\u00e9 un comprom\u00eds ferm amb el medi ambient a trav\u00e9s d&#8217;una gesti\u00f3 de residus responsable, i de la difusi\u00f3 d&#8217;aquests valors entre els seus socis i usuaris.  <\/p>\t\t\t\t\t\t\t\t<\/div>\n\t\t\t\t<\/div>\n\t\t<div class=\"elementor-element elementor-element-d3f972e e-con-full e-flex e-con e-parent\" data-id=\"d3f972e\" data-element_type=\"container\" data-e-type=\"container\">\n\t\t\t\t<div class=\"elementor-element elementor-element-f14f493 elementor-widget elementor-widget-image\" data-id=\"f14f493\" data-element_type=\"widget\" data-e-type=\"widget\" data-widget_type=\"image.default\">\n\t\t\t\t\t\t\t\t\t\t\t\t\t\t\t<img decoding=\"async\" width=\"196\" height=\"196\" src=\"https:\/\/badcatsailing.com\/wp-content\/uploads\/2022\/08\/UBI.png\" class=\"attachment-full size-full wp-image-4736\" alt=\"\" srcset=\"https:\/\/badcatsailing.com\/wp-content\/uploads\/2022\/08\/UBI.png.webp 196w, https:\/\/badcatsailing.com\/wp-content\/uploads\/2022\/08\/UBI-150x150.png.webp 150w\" sizes=\"(max-width: 196px) 100vw, 196px\" \/>\t\t\t\t\t\t\t\t\t\t\t\t\t\t\t<\/div>\n\t\t\t\t<div class=\"elementor-element elementor-element-d4cb318 elementor-widget elementor-widget-heading\" data-id=\"d4cb318\" data-element_type=\"widget\" data-e-type=\"widget\" data-widget_type=\"heading.default\">\n\t\t\t\t\t<h2 class=\"elementor-heading-title elementor-size-default\">PORT D'ARO AMARRE 190<\/h2>\t\t\t\t<\/div>\n\t\t\t\t<div class=\"elementor-element elementor-element-28b43a6 elementor-widget elementor-widget-text-editor\" data-id=\"28b43a6\" data-element_type=\"widget\" data-e-type=\"widget\" data-widget_type=\"text-editor.default\">\n\t\t\t\t\t\t\t\t\t<p>Port d&#8217;Aro. Ctra. Nacional.   6. 17250 Platja d&#8217;Aro. Girona <\/p>\t\t\t\t\t\t\t\t<\/div>\n\t\t\t\t<div class=\"elementor-element elementor-element-f8c1a73 elementor-widget elementor-widget-text-editor\" data-id=\"f8c1a73\" data-element_type=\"widget\" data-e-type=\"widget\" data-widget_type=\"text-editor.default\">\n\t\t\t\t\t\t\t\t\t<script id=\"wg_fwdg_501028_100_1655804150585\">(function (window, document) {\n  var loader = function () {\n    var arg = [\"s=501028\" ,\"m=100\",\"uid=wg_fwdg_501028_100_1655804150585\" ,\"wj=knots\" ,\"tj=c\" ,\"waj=m\" ,\"odh=0\" ,\"doh=24\" ,\"fhours=240\" ,\"hrsm=2\" ,\"vt=forecasts\" ,\"lng=es\" ,\"idbs=1\" ,\"p=WINDSPD,GUST,SMER,TMP,CDC,APCP1s\"];\n    var script = document.createElement(\"script\");\n    var tag = document.getElementsByTagName(\"script\")[0];\n    script.src = \"https:\/\/www.windguru.cz\/js\/widget.php?\"+(arg.join(\"&\"));\n    tag.parentNode.insertBefore(script, tag);\n  };\n  window.addEventListener ? window.addEventListener(\"load\", loader, false) : window.attachEvent(\"onload\", loader);\n})(window, document);\n<\/script>\t\t\t\t\t\t\t\t<\/div>\n\t\t\t\t<div class=\"elementor-element elementor-element-d1e62df elementor-widget__width-initial elementor-widget elementor-widget-image\" data-id=\"d1e62df\" data-element_type=\"widget\" data-e-type=\"widget\" data-widget_type=\"image.default\">\n\t\t\t\t\t\t\t\t\t\t\t\t\t\t\t<img fetchpriority=\"high\" decoding=\"async\" width=\"2560\" height=\"1439\" src=\"https:\/\/badcatsailing.com\/wp-content\/uploads\/2022\/08\/PORT_DARO-scaled.jpg\" class=\"attachment-full size-full wp-image-2836\" alt=\"\" srcset=\"https:\/\/badcatsailing.com\/wp-content\/uploads\/2022\/08\/PORT_DARO-scaled.jpg.webp 2560w, https:\/\/badcatsailing.com\/wp-content\/uploads\/2022\/08\/PORT_DARO-300x169.jpg 300w, https:\/\/badcatsailing.com\/wp-content\/uploads\/2022\/08\/PORT_DARO-1024x575.jpg 1024w, https:\/\/badcatsailing.com\/wp-content\/uploads\/2022\/08\/PORT_DARO-768x432.jpg 768w, https:\/\/badcatsailing.com\/wp-content\/uploads\/2022\/08\/PORT_DARO-1536x863.jpg 1536w, https:\/\/badcatsailing.com\/wp-content\/uploads\/2022\/08\/PORT_DARO-2048x1151.jpg.webp 2048w\" sizes=\"(max-width: 2560px) 100vw, 2560px\" \/>\t\t\t\t\t\t\t\t\t\t\t\t\t\t\t<\/div>\n\t\t\t\t<\/div>\n\t\t<div class=\"elementor-element elementor-element-df8888f e-flex e-con-boxed e-con e-parent\" data-id=\"df8888f\" data-element_type=\"container\" data-e-type=\"container\">\n\t\t\t\t\t<div class=\"e-con-inner\">\n\t\t\t\t<div class=\"elementor-element elementor-element-ef105cc elementor-widget elementor-widget-heading\" data-id=\"ef105cc\" data-element_type=\"widget\" data-e-type=\"widget\" data-widget_type=\"heading.default\">\n\t\t\t\t\t<h2 class=\"elementor-heading-title elementor-size-default\">RESERVA JA LA TEVA EXPERI\u00c8NCIA<br> BADCAT SAILING!<\/h2>\t\t\t\t<\/div>\n\t\t\t\t<div class=\"elementor-element elementor-element-3362eee elementor-widget elementor-widget-text-editor\" data-id=\"3362eee\" data-element_type=\"widget\" data-e-type=\"widget\" data-widget_type=\"text-editor.default\">\n\t\t\t\t\t\t\t\t\t<p>Rutes de Dia \/ Posta de Sol \/ Festes, Celebracions o Esdeveniments Privats \/ Nit + Sopar en Veler \/ Photoshoot a Alta Mar&#8230;<\/p>\t\t\t\t\t\t\t\t<\/div>\n\t\t\t\t<div data-dce-background-color=\"#FFFFFF\" class=\"elementor-element elementor-element-9f4b35b elementor-align-center elementor-widget elementor-widget-button\" data-id=\"9f4b35b\" data-element_type=\"widget\" data-e-type=\"widget\" data-widget_type=\"button.default\">\n\t\t\t\t\t\t\t\t\t\t<a class=\"elementor-button elementor-button-link elementor-size-xl\" href=\"https:\/\/badcatsailing.com\/ca\/veler-isavena\/#reservaonline\">\n\t\t\t\t\t\t<span class=\"elementor-button-content-wrapper\">\n\t\t\t\t\t\t\t\t\t<span class=\"elementor-button-text\">Reserva ara<\/span>\n\t\t\t\t\t<\/span>\n\t\t\t\t\t<\/a>\n\t\t\t\t\t\t\t\t<\/div>\n\t\t\t\t\t<\/div>\n\t\t\t\t<\/div>\n\t\t<!-- dce invisible element 3ca3a74 -->\t\t<\/div>\n\t\t","protected":false},"excerpt":{"rendered":"<p>PORT D&#8217;ARO Totes les nostres experi\u00e8ncies s&#8217;enlairen des de Port d&#8217;Aro, el nostre port base. El Club N\u00e0utic Port d&#8217;Aro \u00e9s un port obert a tothom que es vulgui amarrar, ja sigui des d&#8217;una nit, fins a una temporada completa. A m\u00e9s, mant\u00e9 un comprom\u00eds ferm amb el medi ambient a trav\u00e9s d&#8217;una gesti\u00f3 de [&hellip;]<\/p>\n","protected":false},"author":1,"featured_media":1269,"parent":5574,"menu_order":0,"comment_status":"closed","ping_status":"closed","template":"","meta":{"_acf_changed":false,"footnotes":""},"class_list":["post-5564","page","type-page","status-publish","has-post-thumbnail","hentry"],"acf":[],"_links":{"self":[{"href":"https:\/\/badcatsailing.com\/ca\/wp-json\/wp\/v2\/pages\/5564","targetHints":{"allow":["GET"]}}],"collection":[{"href":"https:\/\/badcatsailing.com\/ca\/wp-json\/wp\/v2\/pages"}],"about":[{"href":"https:\/\/badcatsailing.com\/ca\/wp-json\/wp\/v2\/types\/page"}],"author":[{"embeddable":true,"href":"https:\/\/badcatsailing.com\/ca\/wp-json\/wp\/v2\/users\/1"}],"replies":[{"embeddable":true,"href":"https:\/\/badcatsailing.com\/ca\/wp-json\/wp\/v2\/comments?post=5564"}],"version-history":[{"count":2,"href":"https:\/\/badcatsailing.com\/ca\/wp-json\/wp\/v2\/pages\/5564\/revisions"}],"predecessor-version":[{"id":5789,"href":"https:\/\/badcatsailing.com\/ca\/wp-json\/wp\/v2\/pages\/5564\/revisions\/5789"}],"up":[{"embeddable":true,"href":"https:\/\/badcatsailing.com\/ca\/wp-json\/wp\/v2\/pages\/5574"}],"wp:featuredmedia":[{"embeddable":true,"href":"https:\/\/badcatsailing.com\/ca\/wp-json\/wp\/v2\/media\/1269"}],"wp:attachment":[{"href":"https:\/\/badcatsailing.com\/ca\/wp-json\/wp\/v2\/media?parent=5564"}],"curies":[{"name":"wp","href":"https:\/\/api.w.org\/{rel}","templated":true}]}}