{"id":5572,"date":"2022-08-12T23:43:38","date_gmt":"2022-08-12T22:43:38","guid":{"rendered":"https:\/\/badcatsailing.com\/qui-som\/"},"modified":"2026-03-27T19:52:25","modified_gmt":"2026-03-27T18:52:25","slug":"qui-som","status":"publish","type":"page","link":"https:\/\/badcatsailing.com\/ca\/qui-som\/","title":{"rendered":"Qui Som"},"content":{"rendered":"\t\t<div data-elementor-type=\"wp-page\" data-elementor-id=\"5572\" class=\"elementor elementor-5572 elementor-4800\" data-elementor-post-type=\"page\">\n\t\t\t\t<!-- dce invisible element 7861a7f --><!-- dce invisible element ebb8a15 -->\t\t<\/div>\n\t\t","protected":false},"excerpt":{"rendered":"<p>PARAD\u00cdS MEDITERRANI BADCAT SAILING som un grup local d&#8217;enamorats de la navegaci\u00f3 i del mediterrani. Per aix\u00f2 volem compartir la nostra passi\u00f3 pel mar i les cales que ens fan vibrar. T\u00b4oferim una experi\u00e8ncia \u00fanica a bord d\u00b4un magn\u00edfic veler. Rutes amb patr\u00f3 i activitats com caiac, p\u00e0del surf i snorkle. A alta mar ia [&hellip;]<\/p>\n","protected":false},"author":1,"featured_media":0,"parent":0,"menu_order":0,"comment_status":"closed","ping_status":"closed","template":"","meta":{"_acf_changed":false,"footnotes":""},"class_list":["post-5572","page","type-page","status-publish","hentry"],"acf":[],"_links":{"self":[{"href":"https:\/\/badcatsailing.com\/ca\/wp-json\/wp\/v2\/pages\/5572","targetHints":{"allow":["GET"]}}],"collection":[{"href":"https:\/\/badcatsailing.com\/ca\/wp-json\/wp\/v2\/pages"}],"about":[{"href":"https:\/\/badcatsailing.com\/ca\/wp-json\/wp\/v2\/types\/page"}],"author":[{"embeddable":true,"href":"https:\/\/badcatsailing.com\/ca\/wp-json\/wp\/v2\/users\/1"}],"replies":[{"embeddable":true,"href":"https:\/\/badcatsailing.com\/ca\/wp-json\/wp\/v2\/comments?post=5572"}],"version-history":[{"count":1,"href":"https:\/\/badcatsailing.com\/ca\/wp-json\/wp\/v2\/pages\/5572\/revisions"}],"predecessor-version":[{"id":5573,"href":"https:\/\/badcatsailing.com\/ca\/wp-json\/wp\/v2\/pages\/5572\/revisions\/5573"}],"wp:attachment":[{"href":"https:\/\/badcatsailing.com\/ca\/wp-json\/wp\/v2\/media?parent=5572"}],"curies":[{"name":"wp","href":"https:\/\/api.w.org\/{rel}","templated":true}]}}