{"id":5584,"date":"2022-06-16T08:42:05","date_gmt":"2022-06-16T07:42:05","guid":{"rendered":"https:\/\/badcatsailing.com\/posta-de-sol\/"},"modified":"2026-03-27T20:33:54","modified_gmt":"2026-03-27T19:33:54","slug":"posta-de-sol","status":"publish","type":"page","link":"https:\/\/badcatsailing.com\/ca\/posta-de-sol\/","title":{"rendered":"Posta de sol"},"content":{"rendered":"\t\t<div data-elementor-type=\"wp-page\" data-elementor-id=\"5584\" class=\"elementor elementor-5584 elementor-254\" data-elementor-post-type=\"page\">\n\t\t\t\t<!-- dce invisible element 8b6fef0 --><div class=\"elementor-element elementor-element-9a57d39 e-con-full e-flex e-con e-parent\" data-id=\"9a57d39\" data-element_type=\"container\" data-e-type=\"container\" data-settings=\"{&quot;enabled_visibility&quot;:&quot;yes&quot;,&quot;dce_visibility_selected&quot;:&quot;yes&quot;}\">\n\t\t\t\t<div class=\"elementor-element elementor-element-457ceaf elementor-widget elementor-widget-heading\" data-id=\"457ceaf\" data-element_type=\"widget\" data-e-type=\"widget\" data-widget_type=\"heading.default\">\n\t\t\t\t\t<h2 class=\"elementor-heading-title elementor-size-default\">POSADA DE SOL\n AL VELER<\/h2>\t\t\t\t<\/div>\n\t\t\t\t<div data-dce-background-color=\"#FFFFFF\" class=\"elementor-element elementor-element-cabd109 elementor-align-center elementor-widget elementor-widget-button\" data-id=\"cabd109\" data-element_type=\"widget\" data-e-type=\"widget\" data-widget_type=\"button.default\">\n\t\t\t\t\t\t\t\t\t\t<a class=\"elementor-button elementor-button-link elementor-size-xl\" href=\"https:\/\/badcatsailing.com\/ca\/veler-isavena\/#reservaonline\">\n\t\t\t\t\t\t<span class=\"elementor-button-content-wrapper\">\n\t\t\t\t\t\t\t\t\t<span class=\"elementor-button-text\">Reserva ara<\/span>\n\t\t\t\t\t<\/span>\n\t\t\t\t\t<\/a>\n\t\t\t\t\t\t\t\t<\/div>\n\t\t\t\t<div class=\"elementor-element elementor-element-9f3667b elementor-widget elementor-widget-text-editor\" data-id=\"9f3667b\" data-element_type=\"widget\" data-e-type=\"widget\" data-widget_type=\"text-editor.default\">\n\t\t\t\t\t\t\t\t\t<p>Sens dubte, un dels millors moments del dia, \u00e9s quan el sol comen\u00e7a a pondre&#8217;s i ens regala un magn\u00edfic sunset. Podr\u00e0s relaxar-te i passar-ho d&#8217;all\u00f2 m\u00e9s b\u00e9 amb els teus amics i fam\u00edlia a bord del nostre veler Is\u00e0vena. M\u00fasica, aperitius, chill i fotons de pel\u00b7l\u00edcula amb els darrers raigs de sol. A m\u00e9s, ara pots personalitzar al m\u00e0xim la teva experi\u00e8ncia perqu\u00e8 viure la posta de sol des del mar sigui una experi\u00e8ncia m\u00e0gica a bord.   <\/p>\t\t\t\t\t\t\t\t<\/div>\n\t\t\t\t<\/div>\n\t\t<div class=\"elementor-element elementor-element-2106e37 e-con-full e-flex e-con e-parent\" data-id=\"2106e37\" data-element_type=\"container\" data-e-type=\"container\">\n\t\t<div class=\"elementor-element elementor-element-4211ff4 e-con-full e-flex e-con e-child\" data-id=\"4211ff4\" data-element_type=\"container\" data-e-type=\"container\">\n\t\t\t\t<div class=\"elementor-element elementor-element-e62f038 elementor-widget elementor-widget-image\" data-id=\"e62f038\" data-element_type=\"widget\" data-e-type=\"widget\" data-widget_type=\"image.default\">\n\t\t\t\t\t\t\t\t\t\t\t\t\t\t\t<img decoding=\"async\" width=\"196\" height=\"196\" src=\"https:\/\/badcatsailing.com\/wp-content\/uploads\/2022\/08\/estrella.png\" class=\"attachment-large size-large wp-image-2928\" alt=\"\" srcset=\"https:\/\/badcatsailing.com\/wp-content\/uploads\/2022\/08\/estrella.png 196w, https:\/\/badcatsailing.com\/wp-content\/uploads\/2022\/08\/estrella-150x150.png.webp 150w\" sizes=\"(max-width: 196px) 100vw, 196px\" \/>\t\t\t\t\t\t\t\t\t\t\t\t\t\t\t<\/div>\n\t\t\t\t<div class=\"elementor-element elementor-element-c3bd663 elementor-widget elementor-widget-heading\" data-id=\"c3bd663\" data-element_type=\"widget\" data-e-type=\"widget\" data-widget_type=\"heading.default\">\n\t\t\t\t\t<h3 class=\"elementor-heading-title elementor-size-default\">EXPERI\u00c8NCIA A MIDA<\/h3>\t\t\t\t<\/div>\n\t\t\t\t<div class=\"elementor-element elementor-element-50312c0 elementor-widget elementor-widget-text-editor\" data-id=\"50312c0\" data-element_type=\"widget\" data-e-type=\"widget\" data-widget_type=\"text-editor.default\">\n\t\t\t\t\t\t\t\t\t<p style=\"text-align: center;\">Personalitza-la a trav\u00e9s del nostre <span style=\"text-decoration: underline;\"><a href=\"https:\/\/badcatsailing.com\/ca\/contacte\/\">FORMULARI<\/a><\/span><\/p>\t\t\t\t\t\t\t\t<\/div>\n\t\t\t\t<\/div>\n\t\t<div class=\"elementor-element elementor-element-a302819 e-con-full e-flex e-con e-child\" data-id=\"a302819\" data-element_type=\"container\" data-e-type=\"container\">\n\t\t\t\t<div class=\"elementor-element elementor-element-5c9c71d elementor-widget elementor-widget-image\" data-id=\"5c9c71d\" data-element_type=\"widget\" data-e-type=\"widget\" data-widget_type=\"image.default\">\n\t\t\t\t\t\t\t\t\t\t\t\t\t\t\t<img decoding=\"async\" width=\"196\" height=\"196\" src=\"https:\/\/badcatsailing.com\/wp-content\/uploads\/2022\/08\/estrella.png\" class=\"attachment-large size-large wp-image-2928\" alt=\"\" srcset=\"https:\/\/badcatsailing.com\/wp-content\/uploads\/2022\/08\/estrella.png 196w, https:\/\/badcatsailing.com\/wp-content\/uploads\/2022\/08\/estrella-150x150.png.webp 150w\" sizes=\"(max-width: 196px) 100vw, 196px\" \/>\t\t\t\t\t\t\t\t\t\t\t\t\t\t\t<\/div>\n\t\t\t\t<div class=\"elementor-element elementor-element-05861e5 elementor-widget elementor-widget-heading\" data-id=\"05861e5\" data-element_type=\"widget\" data-e-type=\"widget\" data-widget_type=\"heading.default\">\n\t\t\t\t\t<h3 class=\"elementor-heading-title elementor-size-default\">COMIATS I\n CELEBRACIONS<\/h3>\t\t\t\t<\/div>\n\t\t\t\t<div class=\"elementor-element elementor-element-09b6274 elementor-widget elementor-widget-text-editor\" data-id=\"09b6274\" data-element_type=\"widget\" data-e-type=\"widget\" data-widget_type=\"text-editor.default\">\n\t\t\t\t\t\t\t\t\t<p style=\"text-align: center;\">Pots sumar aquesta experi\u00e8ncia al teu esdeveniment o festa a bord del nostre veler.<\/p>\t\t\t\t\t\t\t\t<\/div>\n\t\t\t\t<\/div>\n\t\t<div class=\"elementor-element elementor-element-47ab737 e-con-full e-flex e-con e-child\" data-id=\"47ab737\" data-element_type=\"container\" data-e-type=\"container\">\n\t\t\t\t<div class=\"elementor-element elementor-element-4c1fd3d elementor-widget elementor-widget-image\" data-id=\"4c1fd3d\" data-element_type=\"widget\" data-e-type=\"widget\" data-widget_type=\"image.default\">\n\t\t\t\t\t\t\t\t\t\t\t\t\t\t\t<img decoding=\"async\" width=\"196\" height=\"196\" src=\"https:\/\/badcatsailing.com\/wp-content\/uploads\/2022\/08\/estrella.png\" class=\"attachment-large size-large wp-image-2928\" alt=\"\" srcset=\"https:\/\/badcatsailing.com\/wp-content\/uploads\/2022\/08\/estrella.png 196w, https:\/\/badcatsailing.com\/wp-content\/uploads\/2022\/08\/estrella-150x150.png.webp 150w\" sizes=\"(max-width: 196px) 100vw, 196px\" \/>\t\t\t\t\t\t\t\t\t\t\t\t\t\t\t<\/div>\n\t\t\t\t<div class=\"elementor-element elementor-element-034be3f elementor-widget elementor-widget-heading\" data-id=\"034be3f\" data-element_type=\"widget\" data-e-type=\"widget\" data-widget_type=\"heading.default\">\n\t\t\t\t\t<h3 class=\"elementor-heading-title elementor-size-default\">M\u00daSICA I ACTIVITATS<\/h3>\t\t\t\t<\/div>\n\t\t\t\t<div class=\"elementor-element elementor-element-900fa05 elementor-widget elementor-widget-text-editor\" data-id=\"900fa05\" data-element_type=\"widget\" data-e-type=\"widget\" data-widget_type=\"text-editor.default\">\n\t\t\t\t\t\t\t\t\t<p style=\"text-align: center;\">Mou-te al ritme de la m\u00fasica i de les nostres activitats a alta mar: p\u00e0del surf, caiac i snorkle<\/p>\t\t\t\t\t\t\t\t<\/div>\n\t\t\t\t<\/div>\n\t\t\t\t<\/div>\n\t\t<div class=\"elementor-element elementor-element-f18a3cb e-con-full e-flex e-con e-parent\" data-id=\"f18a3cb\" data-element_type=\"container\" data-e-type=\"container\">\n\t\t\t\t<div class=\"elementor-element elementor-element-190b0bc elementor-widget elementor-widget-image\" data-id=\"190b0bc\" data-element_type=\"widget\" data-e-type=\"widget\" data-widget_type=\"image.default\">\n\t\t\t\t\t\t\t\t\t\t\t\t\t\t\t<img fetchpriority=\"high\" decoding=\"async\" width=\"800\" height=\"600\" src=\"https:\/\/badcatsailing.com\/wp-content\/uploads\/2022\/08\/puesta-de-sol2.jpg\" class=\"attachment-large size-large wp-image-3048\" alt=\"PUESTA DE SOL BAD CAT SAILING\" srcset=\"https:\/\/badcatsailing.com\/wp-content\/uploads\/2022\/08\/puesta-de-sol2.jpg.webp 1024w, https:\/\/badcatsailing.com\/wp-content\/uploads\/2022\/08\/puesta-de-sol2-300x225.jpg.webp 300w, https:\/\/badcatsailing.com\/wp-content\/uploads\/2022\/08\/puesta-de-sol2-768x576.jpg.webp 768w\" sizes=\"(max-width: 800px) 100vw, 800px\" \/>\t\t\t\t\t\t\t\t\t\t\t\t\t\t\t<\/div>\n\t\t\t\t<div class=\"elementor-element elementor-element-44a04ad elementor-widget elementor-widget-image\" data-id=\"44a04ad\" data-element_type=\"widget\" data-e-type=\"widget\" data-widget_type=\"image.default\">\n\t\t\t\t\t\t\t\t\t\t\t\t\t\t\t<img decoding=\"async\" width=\"800\" height=\"600\" src=\"https:\/\/badcatsailing.com\/wp-content\/uploads\/2022\/08\/puesta-de-sol.jpg\" class=\"attachment-large size-large wp-image-2969\" alt=\"PUESTA DE SOL ISAVENA\" srcset=\"https:\/\/badcatsailing.com\/wp-content\/uploads\/2022\/08\/puesta-de-sol.jpg.webp 1024w, https:\/\/badcatsailing.com\/wp-content\/uploads\/2022\/08\/puesta-de-sol-300x225.jpg 300w, https:\/\/badcatsailing.com\/wp-content\/uploads\/2022\/08\/puesta-de-sol-768x576.jpg.webp 768w\" sizes=\"(max-width: 800px) 100vw, 800px\" \/>\t\t\t\t\t\t\t\t\t\t\t\t\t\t\t<\/div>\n\t\t\t\t<\/div>\n\t\t<div class=\"elementor-element elementor-element-22092e2 e-con-full e-flex e-con e-parent\" data-id=\"22092e2\" data-element_type=\"container\" data-e-type=\"container\">\n\t\t\t\t<div data-dce-title-color=\"#000000\" class=\"elementor-element elementor-element-49a0d00 elementor-widget elementor-widget-heading\" data-id=\"49a0d00\" data-element_type=\"widget\" data-e-type=\"widget\" data-widget_type=\"heading.default\">\n\t\t\t\t\t<h2 class=\"elementor-heading-title elementor-size-default\">VOLS PERSONALITZAR LA TEVA EXPERI\u00c8NCIA?<\/h2>\t\t\t\t<\/div>\n\t\t\t\t<div class=\"elementor-element elementor-element-d823e5e elementor-widget elementor-widget-text-editor\" data-id=\"d823e5e\" data-element_type=\"widget\" data-e-type=\"widget\" data-widget_type=\"text-editor.default\">\n\t\t\t\t\t\t\t\t\t<p>Totes les nostres experi\u00e8ncies inclouen tot el necessari perqu\u00e8 gaudeixis al m\u00e0xim<br> del mar i la navegaci\u00f3.<br> Tot i aix\u00ed, podem personalitzar la teva experi\u00e8ncia perqu\u00e8 sigui encara m\u00e9s especial.<br> Hem organitzat vetllades gastron\u00f2miques amb xefs d&#8217;estrella michel\u00edn,<br> sessions de fotos per a casaments, comunions, de tot! Per nosaltres, no et tallis!<br> Estem oberts a les teves idees.<br> Obre aquest <span style=\"text-decoration: underline;\"><a href=\"https:\/\/badcatsailing.com\/ca\/contacte\/\">FORMULARI<\/a><\/span> i explica&#8217;ns-ho tot. <\/p>\t\t\t\t\t\t\t\t<\/div>\n\t\t\t\t<div data-dce-background-color=\"#FFFFFF\" class=\"elementor-element elementor-element-0d4ec50 elementor-align-center elementor-widget elementor-widget-button\" data-id=\"0d4ec50\" data-element_type=\"widget\" data-e-type=\"widget\" data-widget_type=\"button.default\">\n\t\t\t\t\t\t\t\t\t\t<a class=\"elementor-button elementor-button-link elementor-size-xl\" href=\"https:\/\/badcatsailing.com\/wp-content\/uploads\/2024\/08\/Packs-Isavena.pdf\">\n\t\t\t\t\t\t<span class=\"elementor-button-content-wrapper\">\n\t\t\t\t\t\t\t\t\t<span class=\"elementor-button-text\">Carta d'Aperitius i Begudes<\/span>\n\t\t\t\t\t<\/span>\n\t\t\t\t\t<\/a>\n\t\t\t\t\t\t\t\t<\/div>\n\t\t\t\t<\/div>\n\t\t<div class=\"elementor-element elementor-element-40dfd2f e-con-full e-flex e-con e-parent\" data-id=\"40dfd2f\" data-element_type=\"container\" data-e-type=\"container\">\n\t\t\t\t<div class=\"elementor-element elementor-element-12687a8 elementor-widget__width-initial elementor-widget-mobile__width-inherit elementor-widget elementor-widget-heading\" data-id=\"12687a8\" data-element_type=\"widget\" data-e-type=\"widget\" data-widget_type=\"heading.default\">\n\t\t\t\t\t<h2 class=\"elementor-heading-title elementor-size-default\">QU\u00c8 INCLOUEN<br> LES NOSTRES RUTES?<\/h2>\t\t\t\t<\/div>\n\t\t\t\t<div class=\"elementor-element elementor-element-2e79c26 elementor-widget__width-initial elementor-widget-mobile__width-inherit elementor-widget elementor-widget-text-editor\" data-id=\"2e79c26\" data-element_type=\"widget\" data-e-type=\"widget\" data-widget_type=\"text-editor.default\">\n\t\t\t\t\t\t\t\t\t<p>VELER TOTALMENT EQUIPAT<\/p><p>PATR\u00d3 PROFESSIONAL<\/p><p>CAPACITAT PER A 11 PERSONES<\/p><p>ACTIVITATS A BORD: PADDLE SURF + KAYAK + M\u00c0SCARA SNORKEL<\/p><p>APERITIUS: FRUITS SECS<\/p><p>BEGUDES: 1 CONSUMICI\u00d3 (AIGUA \/ CERVESA \/ REFRESC) PER PERSONA<\/p><p>SORTIDA DES DEL PORT DE PLATJA D&#8217;ARO<\/p><p>COMBUSTIBLE &amp; SERVEI DE NETEJA<\/p>\t\t\t\t\t\t\t\t<\/div>\n\t\t\t\t<div class=\"elementor-element elementor-element-9b9a10d elementor-widget__width-inherit elementor-widget elementor-widget-text-editor\" data-id=\"9b9a10d\" data-element_type=\"widget\" data-e-type=\"widget\" data-widget_type=\"text-editor.default\">\n\t\t\t\t\t\t\t\t\t<p>*Si es requereix de qualsevol petici\u00f3 extra: <span style=\"text-decoration: underline;\"><a href=\"https:\/\/badcatsailing.com\/ca\/contacte\/\">OBRIR FORMULARI<\/a><\/span><\/p><p>*Per qualsevol altre dubte, contacta&#8217;ns al <span style=\"text-decoration: underline;\"><a href=\"mailto:info@badcatsailing.com\">nostre e-mail<\/a><\/span> o <span style=\"text-decoration: underline;\"><a href=\"tel:0034722710267\">tel\u00e8fon<\/a><\/span><\/p>\t\t\t\t\t\t\t\t<\/div>\n\t\t\t\t<\/div>\n\t\t<!-- dce invisible element ddd22c1 -->\t\t<\/div>\n\t\t","protected":false},"excerpt":{"rendered":"<p>POSADA DE SOL AL VELER Reserva ara Sens dubte, un dels millors moments del dia, \u00e9s quan el sol comen\u00e7a a pondre&#8217;s i ens regala un magn\u00edfic sunset. Podr\u00e0s relaxar-te i passar-ho d&#8217;all\u00f2 m\u00e9s b\u00e9 amb els teus amics i fam\u00edlia a bord del nostre veler Is\u00e0vena. M\u00fasica, aperitius, chill i fotons de pel\u00b7l\u00edcula amb [&hellip;]<\/p>\n","protected":false},"author":1,"featured_media":2351,"parent":0,"menu_order":0,"comment_status":"closed","ping_status":"closed","template":"","meta":{"_acf_changed":false,"footnotes":""},"class_list":["post-5584","page","type-page","status-publish","has-post-thumbnail","hentry"],"acf":[],"_links":{"self":[{"href":"https:\/\/badcatsailing.com\/ca\/wp-json\/wp\/v2\/pages\/5584","targetHints":{"allow":["GET"]}}],"collection":[{"href":"https:\/\/badcatsailing.com\/ca\/wp-json\/wp\/v2\/pages"}],"about":[{"href":"https:\/\/badcatsailing.com\/ca\/wp-json\/wp\/v2\/types\/page"}],"author":[{"embeddable":true,"href":"https:\/\/badcatsailing.com\/ca\/wp-json\/wp\/v2\/users\/1"}],"replies":[{"embeddable":true,"href":"https:\/\/badcatsailing.com\/ca\/wp-json\/wp\/v2\/comments?post=5584"}],"version-history":[{"count":2,"href":"https:\/\/badcatsailing.com\/ca\/wp-json\/wp\/v2\/pages\/5584\/revisions"}],"predecessor-version":[{"id":5795,"href":"https:\/\/badcatsailing.com\/ca\/wp-json\/wp\/v2\/pages\/5584\/revisions\/5795"}],"wp:featuredmedia":[{"embeddable":true,"href":"https:\/\/badcatsailing.com\/ca\/wp-json\/wp\/v2\/media\/2351"}],"wp:attachment":[{"href":"https:\/\/badcatsailing.com\/ca\/wp-json\/wp\/v2\/media?parent=5584"}],"curies":[{"name":"wp","href":"https:\/\/api.w.org\/{rel}","templated":true}]}}