{"id":5589,"date":"2022-06-16T08:35:38","date_gmt":"2022-06-16T07:35:38","guid":{"rendered":"https:\/\/badcatsailing.com\/experiencies\/"},"modified":"2026-03-27T19:53:58","modified_gmt":"2026-03-27T18:53:58","slug":"experiencies","status":"publish","type":"page","link":"https:\/\/badcatsailing.com\/ca\/experiencies\/","title":{"rendered":"Experi\u00e8ncies"},"content":{"rendered":"\t\t<div data-elementor-type=\"wp-page\" data-elementor-id=\"5589\" class=\"elementor elementor-5589 elementor-243\" data-elementor-post-type=\"page\">\n\t\t\t\t<!-- dce invisible element aca0271 --><div class=\"elementor-element elementor-element-e0c2cd6 e-con-full e-flex e-con e-parent\" data-id=\"e0c2cd6\" data-element_type=\"container\" data-e-type=\"container\" data-settings=\"{&quot;enabled_visibility&quot;:&quot;yes&quot;,&quot;dce_visibility_selected&quot;:&quot;yes&quot;}\">\n\t\t<div data-dce-background-image-url=\"https:\/\/badcatsailing.com\/wp-content\/uploads\/2022\/08\/EXPERIENCIAS_BADCAT-scaled.jpg\" class=\"elementor-element elementor-element-adeefd7 e-con-full e-flex e-con e-child\" data-id=\"adeefd7\" data-element_type=\"container\" data-e-type=\"container\" data-settings=\"{&quot;background_background&quot;:&quot;classic&quot;}\">\n\t\t\t\t<\/div>\n\t\t<div class=\"elementor-element elementor-element-7a832f1 e-con-full e-flex e-con e-child\" data-id=\"7a832f1\" data-element_type=\"container\" data-e-type=\"container\">\n\t\t\t\t<div class=\"elementor-element elementor-element-2d24dac elementor-widget elementor-widget-heading\" data-id=\"2d24dac\" data-element_type=\"widget\" data-e-type=\"widget\" data-widget_type=\"heading.default\">\n\t\t\t\t\t<h2 class=\"elementor-heading-title elementor-size-default\">Experi\u00e8ncies<br> BadCat Sailing<\/h2>\t\t\t\t<\/div>\n\t\t\t\t<div class=\"elementor-element elementor-element-822cc5a elementor-widget elementor-widget-text-editor\" data-id=\"822cc5a\" data-element_type=\"widget\" data-e-type=\"widget\" data-widget_type=\"text-editor.default\">\n\t\t\t\t\t\t\t\t\t<p>Des de BADCAT SAILING t&#8217;oferim els seg\u00fcents \u201cpacks experiencia\u201d que ara, pots personalitzar al teu gust.<\/p>\t\t\t\t\t\t\t\t<\/div>\n\t\t\t\t<div class=\"elementor-element elementor-element-67c29a2 elementor-widget elementor-widget-heading\" data-id=\"67c29a2\" data-element_type=\"widget\" data-e-type=\"widget\" data-widget_type=\"heading.default\">\n\t\t\t\t\t<h2 class=\"elementor-heading-title elementor-size-default\">Festa amb vaixell<\/h2>\t\t\t\t<\/div>\n\t\t\t\t<div class=\"elementor-element elementor-element-6383f30 elementor-widget elementor-widget-text-editor\" data-id=\"6383f30\" data-element_type=\"widget\" data-e-type=\"widget\" data-widget_type=\"text-editor.default\">\n\t\t\t\t\t\t\t\t\t<p>Vols viure una celebraci\u00f3 inoblidable a alta mar?<br>Puja&#8217;t a bord dels nostres vaixells i no et perdis la millor vetllada que podem oferir-te perqu\u00e8 gaudeixis amb els teus.<\/p>\t\t\t\t\t\t\t\t<\/div>\n\t\t\t\t<div data-dce-background-color=\"#FFFFFF\" class=\"elementor-element elementor-element-f79d3ff elementor-align-center elementor-widget elementor-widget-button\" data-id=\"f79d3ff\" data-element_type=\"widget\" data-e-type=\"widget\" data-widget_type=\"button.default\">\n\t\t\t\t\t\t\t\t\t\t<a class=\"elementor-button elementor-button-link elementor-size-xl\" href=\"https:\/\/badcatsailing.com\/ca\/festa-amb-vaixell\/\">\n\t\t\t\t\t\t<span class=\"elementor-button-content-wrapper\">\n\t\t\t\t\t\t\t\t\t<span class=\"elementor-button-text\">+ informaci\u00f3<\/span>\n\t\t\t\t\t<\/span>\n\t\t\t\t\t<\/a>\n\t\t\t\t\t\t\t\t<\/div>\n\t\t\t\t<div class=\"elementor-element elementor-element-5329508 elementor-widget elementor-widget-heading\" data-id=\"5329508\" data-element_type=\"widget\" data-e-type=\"widget\" data-widget_type=\"heading.default\">\n\t\t\t\t\t<h2 class=\"elementor-heading-title elementor-size-default\">Posta de sol<\/h2>\t\t\t\t<\/div>\n\t\t\t\t<div class=\"elementor-element elementor-element-9494117 elementor-widget elementor-widget-text-editor\" data-id=\"9494117\" data-element_type=\"widget\" data-e-type=\"widget\" data-widget_type=\"text-editor.default\">\n\t\t\t\t\t\t\t\t\t<p>Sens dubte, un dels millors moments del dia, \u00e9s quan el sol comen\u00e7a a pondre&#8217;s i ens regala un magn\u00edfic sunset.<br> Gaudeix de la posta de sol des del mar i viu una experi\u00e8ncia m\u00e0gica a bord d\u00b4Is\u00e0vena.<\/p>\t\t\t\t\t\t\t\t<\/div>\n\t\t\t\t<div data-dce-background-color=\"#FFFFFF\" class=\"elementor-element elementor-element-6da5625 elementor-align-center elementor-widget elementor-widget-button\" data-id=\"6da5625\" data-element_type=\"widget\" data-e-type=\"widget\" data-widget_type=\"button.default\">\n\t\t\t\t\t\t\t\t\t\t<a class=\"elementor-button elementor-button-link elementor-size-xl\" href=\"https:\/\/badcatsailing.com\/ca\/posta-de-sol\/\">\n\t\t\t\t\t\t<span class=\"elementor-button-content-wrapper\">\n\t\t\t\t\t\t\t\t\t<span class=\"elementor-button-text\">+ informaci\u00f3<\/span>\n\t\t\t\t\t<\/span>\n\t\t\t\t\t<\/a>\n\t\t\t\t\t\t\t\t<\/div>\n\t\t\t\t<\/div>\n\t\t\t\t<\/div>\n\t\t<div class=\"elementor-element elementor-element-30c6ef6 e-con-full e-flex e-con e-parent\" data-id=\"30c6ef6\" data-element_type=\"container\" data-e-type=\"container\">\n\t\t\t\t<div data-dce-title-color=\"#000000\" class=\"elementor-element elementor-element-16f32e5 elementor-widget elementor-widget-heading\" data-id=\"16f32e5\" data-element_type=\"widget\" data-e-type=\"widget\" data-widget_type=\"heading.default\">\n\t\t\t\t\t<h2 class=\"elementor-heading-title elementor-size-default\">VOLS PERSONALITZAR LA TEVA EXPERI\u00c8NCIA?<\/h2>\t\t\t\t<\/div>\n\t\t\t\t<div class=\"elementor-element elementor-element-1eb1113 elementor-widget elementor-widget-text-editor\" data-id=\"1eb1113\" data-element_type=\"widget\" data-e-type=\"widget\" data-widget_type=\"text-editor.default\">\n\t\t\t\t\t\t\t\t\t<p>Totes les nostres experi\u00e8ncies inclouen tot el necessari perqu\u00e8 gaudeixis al m\u00e0xim<br> del mar i la navegaci\u00f3.<br> Tot i aix\u00ed, podem personalitzar la teva experi\u00e8ncia perqu\u00e8 sigui encara m\u00e9s especial.<br> Hem organitzat vetllades gastron\u00f2miques amb xefs d&#8217;estrella michel\u00edn,<br> sessions de fotos per a casaments, comunions, de tot! Per nosaltres, no et tallis!<br> Estem oberts a les teves idees.<br> Obre aquest <span style=\"text-decoration: underline;\"><a href=\"https:\/\/badcatsailing.com\/ca\/contacte\/\">FORMULARI<\/a><\/span> i explica&#8217;ns-ho tot. <\/p>\t\t\t\t\t\t\t\t<\/div>\n\t\t\t\t<div data-dce-background-color=\"#FFFFFF\" class=\"elementor-element elementor-element-2800224 elementor-align-center elementor-widget elementor-widget-button\" data-id=\"2800224\" data-element_type=\"widget\" data-e-type=\"widget\" data-widget_type=\"button.default\">\n\t\t\t\t\t\t\t\t\t\t<a class=\"elementor-button elementor-button-link elementor-size-xl\" href=\"https:\/\/badcatsailing.com\/wp-content\/uploads\/2024\/08\/Packs-Isavena.pdf\">\n\t\t\t\t\t\t<span class=\"elementor-button-content-wrapper\">\n\t\t\t\t\t\t\t\t\t<span class=\"elementor-button-text\">Carta d'Aperitius i Begudes<\/span>\n\t\t\t\t\t<\/span>\n\t\t\t\t\t<\/a>\n\t\t\t\t\t\t\t\t<\/div>\n\t\t\t\t<\/div>\n\t\t<div class=\"elementor-element elementor-element-7fae290 e-con-full e-flex e-con e-parent\" data-id=\"7fae290\" data-element_type=\"container\" data-e-type=\"container\">\n\t\t\t\t<div class=\"elementor-element elementor-element-de4a0f3 elementor-widget__width-initial elementor-widget-mobile__width-inherit elementor-widget elementor-widget-heading\" data-id=\"de4a0f3\" data-element_type=\"widget\" data-e-type=\"widget\" data-widget_type=\"heading.default\">\n\t\t\t\t\t<h2 class=\"elementor-heading-title elementor-size-default\">QU\u00c8 INCLOUEN<br> LES NOSTRES RUTES?<\/h2>\t\t\t\t<\/div>\n\t\t\t\t<div class=\"elementor-element elementor-element-cb103ea elementor-widget__width-initial elementor-widget-mobile__width-inherit elementor-widget elementor-widget-text-editor\" data-id=\"cb103ea\" data-element_type=\"widget\" data-e-type=\"widget\" data-widget_type=\"text-editor.default\">\n\t\t\t\t\t\t\t\t\t<p>VELER TOTALMENT EQUIPAT<\/p><p>PATR\u00d3 PROFESSIONAL<\/p><p>CAPACITAT PER A 11 PERSONES<\/p><p>ACTIVITATS A BORD: PADDLE SURF + KAYAK + M\u00c0SCARA SNORKEL<\/p><p>APERITIUS: FRUITS SECS<\/p><p>BEGUDES: 1 CONSUMICI\u00d3 (AIGUA, CERVESA O REFRESC) PER PERSONA<\/p><p>SORTIDA DES DEL PORT DE PLATJA D&#8217;ARO<\/p><p>COMBUSTIBLE &amp; SERVEI DE NETEJA<\/p>\t\t\t\t\t\t\t\t<\/div>\n\t\t\t\t<div class=\"elementor-element elementor-element-5f8038e elementor-widget__width-inherit elementor-widget elementor-widget-text-editor\" data-id=\"5f8038e\" data-element_type=\"widget\" data-e-type=\"widget\" data-widget_type=\"text-editor.default\">\n\t\t\t\t\t\t\t\t\t<p>*Si es requereix de qualsevol petici\u00f3 extra: <span style=\"text-decoration: underline;\"><a href=\"https:\/\/badcatsailing.com\/ca\/contacte\/\">OBRIR FORMULARI<\/a><\/span><\/p><p>*Per qualsevol altre dubte, contacta&#8217;ns al <span style=\"text-decoration: underline;\"><a href=\"mailto:info@badcatsailing.com\">nostre e-mail<\/a><\/span> o <span style=\"text-decoration: underline;\"><a href=\"tel:0034722710267\">tel\u00e8fon<\/a><\/span><\/p>\t\t\t\t\t\t\t\t<\/div>\n\t\t\t\t<\/div>\n\t\t<!-- dce invisible element 3233660 -->\t\t<\/div>\n\t\t","protected":false},"excerpt":{"rendered":"<p>EXPERI\u00c8NCIES Des de BADCAT SAILING t&#8217;oferim els seg\u00fcents \u201cpacks experiencia\u201d que ara, pots personalitzar al teu gust. Festa amb vaixell Vols viure una celebraci\u00f3 inoblidable a alta mar?Puja&#8217;t a bord dels nostres vaixells i no et perdis la millor vetllada que podem oferir-te perqu\u00e8 gaudeixis amb els teus. + informaci\u00f3 Posta de sol Sens dubte, [&hellip;]<\/p>\n","protected":false},"author":1,"featured_media":4304,"parent":0,"menu_order":0,"comment_status":"closed","ping_status":"closed","template":"","meta":{"_acf_changed":false,"footnotes":""},"class_list":["post-5589","page","type-page","status-publish","has-post-thumbnail","hentry"],"acf":[],"_links":{"self":[{"href":"https:\/\/badcatsailing.com\/ca\/wp-json\/wp\/v2\/pages\/5589","targetHints":{"allow":["GET"]}}],"collection":[{"href":"https:\/\/badcatsailing.com\/ca\/wp-json\/wp\/v2\/pages"}],"about":[{"href":"https:\/\/badcatsailing.com\/ca\/wp-json\/wp\/v2\/types\/page"}],"author":[{"embeddable":true,"href":"https:\/\/badcatsailing.com\/ca\/wp-json\/wp\/v2\/users\/1"}],"replies":[{"embeddable":true,"href":"https:\/\/badcatsailing.com\/ca\/wp-json\/wp\/v2\/comments?post=5589"}],"version-history":[{"count":1,"href":"https:\/\/badcatsailing.com\/ca\/wp-json\/wp\/v2\/pages\/5589\/revisions"}],"predecessor-version":[{"id":5591,"href":"https:\/\/badcatsailing.com\/ca\/wp-json\/wp\/v2\/pages\/5589\/revisions\/5591"}],"wp:featuredmedia":[{"embeddable":true,"href":"https:\/\/badcatsailing.com\/ca\/wp-json\/wp\/v2\/media\/4304"}],"wp:attachment":[{"href":"https:\/\/badcatsailing.com\/ca\/wp-json\/wp\/v2\/media?parent=5589"}],"curies":[{"name":"wp","href":"https:\/\/api.w.org\/{rel}","templated":true}]}}