{"id":5596,"date":"2022-06-16T08:40:30","date_gmt":"2022-06-16T07:40:30","guid":{"rendered":"https:\/\/badcatsailing.com\/festa-amb-vaixell\/"},"modified":"2026-03-27T20:33:45","modified_gmt":"2026-03-27T19:33:45","slug":"festa-amb-vaixell","status":"publish","type":"page","link":"https:\/\/badcatsailing.com\/ca\/festa-amb-vaixell\/","title":{"rendered":"Festa amb vaixell"},"content":{"rendered":"\t\t<div data-elementor-type=\"wp-page\" data-elementor-id=\"5596\" class=\"elementor elementor-5596 elementor-248\" data-elementor-post-type=\"page\">\n\t\t\t\t<!-- dce invisible element 86c1605 --><div class=\"elementor-element elementor-element-5f526f3 e-con-full e-flex e-con e-parent\" data-id=\"5f526f3\" data-element_type=\"container\" data-e-type=\"container\" data-settings=\"{&quot;enabled_visibility&quot;:&quot;yes&quot;,&quot;dce_visibility_selected&quot;:&quot;yes&quot;}\">\n\t\t\t\t<div class=\"elementor-element elementor-element-25fe45c elementor-widget elementor-widget-heading\" data-id=\"25fe45c\" data-element_type=\"widget\" data-e-type=\"widget\" data-widget_type=\"heading.default\">\n\t\t\t\t\t<h2 class=\"elementor-heading-title elementor-size-default\">BOAT PARTY A<br> VELER<\/h2>\t\t\t\t<\/div>\n\t\t\t\t<div data-dce-background-color=\"#FFFFFF\" class=\"elementor-element elementor-element-b42c68b elementor-align-center elementor-widget elementor-widget-button\" data-id=\"b42c68b\" data-element_type=\"widget\" data-e-type=\"widget\" data-widget_type=\"button.default\">\n\t\t\t\t\t\t\t\t\t\t<a class=\"elementor-button elementor-button-link elementor-size-xl\" href=\"https:\/\/badcatsailing.com\/ca\/veler-isavena\/#reservaonline\">\n\t\t\t\t\t\t<span class=\"elementor-button-content-wrapper\">\n\t\t\t\t\t\t\t\t\t<span class=\"elementor-button-text\">Reserva ara<\/span>\n\t\t\t\t\t<\/span>\n\t\t\t\t\t<\/a>\n\t\t\t\t\t\t\t\t<\/div>\n\t\t\t\t<div class=\"elementor-element elementor-element-70a7894 elementor-widget elementor-widget-text-editor\" data-id=\"70a7894\" data-element_type=\"widget\" data-e-type=\"widget\" data-widget_type=\"text-editor.default\">\n\t\t\t\t\t\t\t\t\t<p>Vols organitzar una feista inoblidable a alta mar? Puja&#8217;t a bord d&#8217;un dels nostres vaixells i no et perdis la millor experi\u00e8ncia possible al costat dels teus. Una festa amb vaixell a mida per celebrar el teu aniversari, comiat de soltera\/o, esdeveniment, o qualsevol dia especial per a tu.  <br>Prometem cuidar fins a l&#8217;\u00faltim detall perqu\u00e8 passar-ho d&#8217;all\u00f2 m\u00e9s b\u00e9, amb els teus amics i fam\u00edlia, sigui una realitat a bord de l&#8217;Is\u00e0vena.<\/p>\t\t\t\t\t\t\t\t<\/div>\n\t\t\t\t<\/div>\n\t\t<div class=\"elementor-element elementor-element-ef8ff4b e-con-full e-flex e-con e-parent\" data-id=\"ef8ff4b\" data-element_type=\"container\" data-e-type=\"container\">\n\t\t<div class=\"elementor-element elementor-element-471b26a e-con-full e-flex e-con e-child\" data-id=\"471b26a\" data-element_type=\"container\" data-e-type=\"container\">\n\t\t\t\t<div class=\"elementor-element elementor-element-39b6bbb elementor-widget elementor-widget-image\" data-id=\"39b6bbb\" data-element_type=\"widget\" data-e-type=\"widget\" data-widget_type=\"image.default\">\n\t\t\t\t\t\t\t\t\t\t\t\t\t\t\t<img decoding=\"async\" width=\"196\" height=\"196\" src=\"https:\/\/badcatsailing.com\/wp-content\/uploads\/2022\/08\/estrella.png\" class=\"attachment-large size-large wp-image-2928\" alt=\"\" srcset=\"https:\/\/badcatsailing.com\/wp-content\/uploads\/2022\/08\/estrella.png 196w, https:\/\/badcatsailing.com\/wp-content\/uploads\/2022\/08\/estrella-150x150.png.webp 150w\" sizes=\"(max-width: 196px) 100vw, 196px\" \/>\t\t\t\t\t\t\t\t\t\t\t\t\t\t\t<\/div>\n\t\t\t\t<div class=\"elementor-element elementor-element-aa12c17 elementor-widget elementor-widget-heading\" data-id=\"aa12c17\" data-element_type=\"widget\" data-e-type=\"widget\" data-widget_type=\"heading.default\">\n\t\t\t\t\t<h3 class=\"elementor-heading-title elementor-size-default\">EXPERI\u00c8NCIA A MIDA<\/h3>\t\t\t\t<\/div>\n\t\t\t\t<div class=\"elementor-element elementor-element-f5c9450 elementor-widget elementor-widget-text-editor\" data-id=\"f5c9450\" data-element_type=\"widget\" data-e-type=\"widget\" data-widget_type=\"text-editor.default\">\n\t\t\t\t\t\t\t\t\t<p style=\"text-align: center;\">Personalitza-la a trav\u00e9s del nostre <span style=\"text-decoration: underline;\"><a href=\"https:\/\/badcatsailing.com\/ca\/contacte\/\">FORMULARI<\/a><\/span><\/p>\t\t\t\t\t\t\t\t<\/div>\n\t\t\t\t<\/div>\n\t\t<div class=\"elementor-element elementor-element-df02e8d e-con-full e-flex e-con e-child\" data-id=\"df02e8d\" data-element_type=\"container\" data-e-type=\"container\">\n\t\t\t\t<div class=\"elementor-element elementor-element-aabfaf7 elementor-widget elementor-widget-image\" data-id=\"aabfaf7\" data-element_type=\"widget\" data-e-type=\"widget\" data-widget_type=\"image.default\">\n\t\t\t\t\t\t\t\t\t\t\t\t\t\t\t<img decoding=\"async\" width=\"196\" height=\"196\" src=\"https:\/\/badcatsailing.com\/wp-content\/uploads\/2022\/08\/estrella.png\" class=\"attachment-large size-large wp-image-2928\" alt=\"\" srcset=\"https:\/\/badcatsailing.com\/wp-content\/uploads\/2022\/08\/estrella.png 196w, https:\/\/badcatsailing.com\/wp-content\/uploads\/2022\/08\/estrella-150x150.png.webp 150w\" sizes=\"(max-width: 196px) 100vw, 196px\" \/>\t\t\t\t\t\t\t\t\t\t\t\t\t\t\t<\/div>\n\t\t\t\t<div class=\"elementor-element elementor-element-3a3d371 elementor-widget elementor-widget-heading\" data-id=\"3a3d371\" data-element_type=\"widget\" data-e-type=\"widget\" data-widget_type=\"heading.default\">\n\t\t\t\t\t<h3 class=\"elementor-heading-title elementor-size-default\">COMIATS I\n CELEBRACIONS<\/h3>\t\t\t\t<\/div>\n\t\t\t\t<div class=\"elementor-element elementor-element-d8a2f49 elementor-widget elementor-widget-text-editor\" data-id=\"d8a2f49\" data-element_type=\"widget\" data-e-type=\"widget\" data-widget_type=\"text-editor.default\">\n\t\t\t\t\t\t\t\t\t<p style=\"text-align: center;\">El millor regal que pots fer als teus,<br> \u00e9s una experi\u00e8ncia inoblidable.<\/p>\t\t\t\t\t\t\t\t<\/div>\n\t\t\t\t<\/div>\n\t\t<div class=\"elementor-element elementor-element-8c0961e e-con-full e-flex e-con e-child\" data-id=\"8c0961e\" data-element_type=\"container\" data-e-type=\"container\">\n\t\t\t\t<div class=\"elementor-element elementor-element-b12f3c0 elementor-widget elementor-widget-image\" data-id=\"b12f3c0\" data-element_type=\"widget\" data-e-type=\"widget\" data-widget_type=\"image.default\">\n\t\t\t\t\t\t\t\t\t\t\t\t\t\t\t<img decoding=\"async\" width=\"196\" height=\"196\" src=\"https:\/\/badcatsailing.com\/wp-content\/uploads\/2022\/08\/estrella.png\" class=\"attachment-large size-large wp-image-2928\" alt=\"\" srcset=\"https:\/\/badcatsailing.com\/wp-content\/uploads\/2022\/08\/estrella.png 196w, https:\/\/badcatsailing.com\/wp-content\/uploads\/2022\/08\/estrella-150x150.png.webp 150w\" sizes=\"(max-width: 196px) 100vw, 196px\" \/>\t\t\t\t\t\t\t\t\t\t\t\t\t\t\t<\/div>\n\t\t\t\t<div class=\"elementor-element elementor-element-3d7c46f elementor-widget elementor-widget-heading\" data-id=\"3d7c46f\" data-element_type=\"widget\" data-e-type=\"widget\" data-widget_type=\"heading.default\">\n\t\t\t\t\t<h3 class=\"elementor-heading-title elementor-size-default\">M\u00daSICA I ACTIVITATS<\/h3>\t\t\t\t<\/div>\n\t\t\t\t<div class=\"elementor-element elementor-element-cbec728 elementor-widget elementor-widget-text-editor\" data-id=\"cbec728\" data-element_type=\"widget\" data-e-type=\"widget\" data-widget_type=\"text-editor.default\">\n\t\t\t\t\t\t\t\t\t<p style=\"text-align: center;\">Mou-te al ritme de la m\u00fasica i de les nostres activitats a alta mar: p\u00e0del surf, caiac i snorkle<\/p>\t\t\t\t\t\t\t\t<\/div>\n\t\t\t\t<\/div>\n\t\t\t\t<\/div>\n\t\t<div class=\"elementor-element elementor-element-86fb23e e-con-full e-flex e-con e-parent\" data-id=\"86fb23e\" data-element_type=\"container\" data-e-type=\"container\">\n\t\t\t\t<div class=\"elementor-element elementor-element-f3980ef elementor-widget elementor-widget-image\" data-id=\"f3980ef\" data-element_type=\"widget\" data-e-type=\"widget\" data-widget_type=\"image.default\">\n\t\t\t\t\t\t\t\t\t\t\t\t\t\t\t<img fetchpriority=\"high\" decoding=\"async\" width=\"800\" height=\"600\" src=\"https:\/\/badcatsailing.com\/wp-content\/uploads\/2022\/08\/fiesta2.jpg\" class=\"attachment-large size-large wp-image-2943\" alt=\"\" srcset=\"https:\/\/badcatsailing.com\/wp-content\/uploads\/2022\/08\/fiesta2.jpg.webp 1024w, https:\/\/badcatsailing.com\/wp-content\/uploads\/2022\/08\/fiesta2-300x225.jpg 300w, https:\/\/badcatsailing.com\/wp-content\/uploads\/2022\/08\/fiesta2-768x576.jpg.webp 768w\" sizes=\"(max-width: 800px) 100vw, 800px\" \/>\t\t\t\t\t\t\t\t\t\t\t\t\t\t\t<\/div>\n\t\t\t\t<div class=\"elementor-element elementor-element-9fbb024 elementor-widget elementor-widget-image\" data-id=\"9fbb024\" data-element_type=\"widget\" data-e-type=\"widget\" data-widget_type=\"image.default\">\n\t\t\t\t\t\t\t\t\t\t\t\t\t\t\t<img decoding=\"async\" width=\"800\" height=\"600\" src=\"https:\/\/badcatsailing.com\/wp-content\/uploads\/2022\/08\/fiesta.jpg\" class=\"attachment-large size-large wp-image-2947\" alt=\"\" srcset=\"https:\/\/badcatsailing.com\/wp-content\/uploads\/2022\/08\/fiesta.jpg.webp 1024w, https:\/\/badcatsailing.com\/wp-content\/uploads\/2022\/08\/fiesta-300x225.jpg.webp 300w, https:\/\/badcatsailing.com\/wp-content\/uploads\/2022\/08\/fiesta-768x576.jpg.webp 768w\" sizes=\"(max-width: 800px) 100vw, 800px\" \/>\t\t\t\t\t\t\t\t\t\t\t\t\t\t\t<\/div>\n\t\t\t\t<\/div>\n\t\t<div class=\"elementor-element elementor-element-bf94ae1 e-con-full e-flex e-con e-parent\" data-id=\"bf94ae1\" data-element_type=\"container\" data-e-type=\"container\">\n\t\t\t\t<div data-dce-title-color=\"#000000\" class=\"elementor-element elementor-element-1900972 elementor-widget elementor-widget-heading\" data-id=\"1900972\" data-element_type=\"widget\" data-e-type=\"widget\" data-widget_type=\"heading.default\">\n\t\t\t\t\t<h2 class=\"elementor-heading-title elementor-size-default\">VOLS PERSONALITZAR LA TEVA EXPERI\u00c8NCIA?<\/h2>\t\t\t\t<\/div>\n\t\t\t\t<div class=\"elementor-element elementor-element-f1928c8 elementor-widget elementor-widget-text-editor\" data-id=\"f1928c8\" data-element_type=\"widget\" data-e-type=\"widget\" data-widget_type=\"text-editor.default\">\n\t\t\t\t\t\t\t\t\t<p>Totes les nostres experi\u00e8ncies inclouen tot el necessari perqu\u00e8 gaudeixis al m\u00e0xim<br> del mar i la navegaci\u00f3.<br> Tot i aix\u00ed, podem personalitzar la teva experi\u00e8ncia perqu\u00e8 sigui encara m\u00e9s especial.<br> Hem organitzat vetllades gastron\u00f2miques amb xefs d&#8217;estrella michel\u00edn,<br> sessions de fotos per a casaments, comunions, de tot! Per nosaltres, no et tallis!<br> Estem oberts a les teves idees.<br> Obre aquest <span style=\"text-decoration: underline;\"><a href=\"https:\/\/badcatsailing.com\/ca\/contacte\/\">FORMULARI<\/a><\/span> i explica&#8217;ns-ho tot. <\/p>\t\t\t\t\t\t\t\t<\/div>\n\t\t\t\t<div data-dce-background-color=\"#FFFFFF\" class=\"elementor-element elementor-element-8826d25 elementor-align-center elementor-widget elementor-widget-button\" data-id=\"8826d25\" data-element_type=\"widget\" data-e-type=\"widget\" data-widget_type=\"button.default\">\n\t\t\t\t\t\t\t\t\t\t<a class=\"elementor-button elementor-button-link elementor-size-xl\" href=\"https:\/\/badcatsailing.com\/wp-content\/uploads\/2024\/08\/Packs-Isavena.pdf\">\n\t\t\t\t\t\t<span class=\"elementor-button-content-wrapper\">\n\t\t\t\t\t\t\t\t\t<span class=\"elementor-button-text\">Carta d'Aperitius i Begudes<\/span>\n\t\t\t\t\t<\/span>\n\t\t\t\t\t<\/a>\n\t\t\t\t\t\t\t\t<\/div>\n\t\t\t\t<\/div>\n\t\t<div class=\"elementor-element elementor-element-daf5aa6 e-con-full e-flex e-con e-parent\" data-id=\"daf5aa6\" data-element_type=\"container\" data-e-type=\"container\">\n\t\t\t\t<div class=\"elementor-element elementor-element-cb4ea62 elementor-widget__width-initial elementor-widget-mobile__width-inherit elementor-widget elementor-widget-heading\" data-id=\"cb4ea62\" data-element_type=\"widget\" data-e-type=\"widget\" data-widget_type=\"heading.default\">\n\t\t\t\t\t<h2 class=\"elementor-heading-title elementor-size-default\">QU\u00c8 INCLOUEN<br> LES NOSTRES RUTES?<\/h2>\t\t\t\t<\/div>\n\t\t\t\t<div class=\"elementor-element elementor-element-099f4c0 elementor-widget__width-initial elementor-widget-mobile__width-inherit elementor-widget elementor-widget-text-editor\" data-id=\"099f4c0\" data-element_type=\"widget\" data-e-type=\"widget\" data-widget_type=\"text-editor.default\">\n\t\t\t\t\t\t\t\t\t<p>VELER TOTALMENT EQUIPAT<\/p><p>PATR\u00d3 PROFESSIONAL<\/p><p>CAPACITAT PER A 11 PERSONES<\/p><p>ACTIVITATS A BORD: PADDLE SURF + KAYAK + M\u00c0SCARA SNORKEL<\/p><p>APERITIUS: FRUITS SECS<\/p><p>BEGUDES: 1 CONSUMICI\u00d3 (AIGUA \/ CERVESA \/ REFRESC) PER PERSONA<\/p><p>SORTIDA DES DEL PORT DE PLATJA D&#8217;ARO<\/p><p>COMBUSTIBLE &amp; SERVEI DE NETEJA<\/p>\t\t\t\t\t\t\t\t<\/div>\n\t\t\t\t<div class=\"elementor-element elementor-element-6700a7c elementor-widget__width-inherit elementor-widget elementor-widget-text-editor\" data-id=\"6700a7c\" data-element_type=\"widget\" data-e-type=\"widget\" data-widget_type=\"text-editor.default\">\n\t\t\t\t\t\t\t\t\t<p>*Si es requereix de qualsevol petici\u00f3 extra: <span style=\"text-decoration: underline;\"><a href=\"https:\/\/badcatsailing.com\/ca\/contacte\/\">OBRIR FORMULARI<\/a><\/span><\/p><p>*Per qualsevol altre dubte, contacta&#8217;ns al <span style=\"text-decoration: underline;\"><a href=\"mailto:info@badcatsailing.com\">nostre e-mail<\/a><\/span> o <span style=\"text-decoration: underline;\"><a href=\"tel:0034722710267\">tel\u00e8fon<\/a><\/span><\/p>\t\t\t\t\t\t\t\t<\/div>\n\t\t\t\t<\/div>\n\t\t<!-- dce invisible element eb3475d -->\t\t<\/div>\n\t\t","protected":false},"excerpt":{"rendered":"<p>BOAT PARTY A VELER Reserva ara Vols organitzar una feista inoblidable a alta mar? Puja&#8217;t a bord d&#8217;un dels nostres vaixells i no et perdis la millor experi\u00e8ncia possible al costat dels teus. Una festa amb vaixell a mida per celebrar el teu aniversari, comiat de soltera\/o, esdeveniment, o qualsevol dia especial per a tu. [&hellip;]<\/p>\n","protected":false},"author":1,"featured_media":4725,"parent":0,"menu_order":0,"comment_status":"closed","ping_status":"closed","template":"","meta":{"_acf_changed":false,"footnotes":""},"class_list":["post-5596","page","type-page","status-publish","has-post-thumbnail","hentry"],"acf":[],"_links":{"self":[{"href":"https:\/\/badcatsailing.com\/ca\/wp-json\/wp\/v2\/pages\/5596","targetHints":{"allow":["GET"]}}],"collection":[{"href":"https:\/\/badcatsailing.com\/ca\/wp-json\/wp\/v2\/pages"}],"about":[{"href":"https:\/\/badcatsailing.com\/ca\/wp-json\/wp\/v2\/types\/page"}],"author":[{"embeddable":true,"href":"https:\/\/badcatsailing.com\/ca\/wp-json\/wp\/v2\/users\/1"}],"replies":[{"embeddable":true,"href":"https:\/\/badcatsailing.com\/ca\/wp-json\/wp\/v2\/comments?post=5596"}],"version-history":[{"count":2,"href":"https:\/\/badcatsailing.com\/ca\/wp-json\/wp\/v2\/pages\/5596\/revisions"}],"predecessor-version":[{"id":5792,"href":"https:\/\/badcatsailing.com\/ca\/wp-json\/wp\/v2\/pages\/5596\/revisions\/5792"}],"wp:featuredmedia":[{"embeddable":true,"href":"https:\/\/badcatsailing.com\/ca\/wp-json\/wp\/v2\/media\/4725"}],"wp:attachment":[{"href":"https:\/\/badcatsailing.com\/ca\/wp-json\/wp\/v2\/media?parent=5596"}],"curies":[{"name":"wp","href":"https:\/\/api.w.org\/{rel}","templated":true}]}}