{"id":5565,"date":"2022-08-12T23:43:38","date_gmt":"2022-08-12T22:43:38","guid":{"rendered":"https:\/\/badcatsailing.com\/qui-sommes-nous\/"},"modified":"2026-03-27T19:52:18","modified_gmt":"2026-03-27T18:52:18","slug":"qui-sommes-nous","status":"publish","type":"page","link":"https:\/\/badcatsailing.com\/fr\/qui-sommes-nous\/","title":{"rendered":"Qui sommes-nous ?"},"content":{"rendered":"\t\t<div data-elementor-type=\"wp-page\" data-elementor-id=\"5565\" class=\"elementor elementor-5565 elementor-4800\" data-elementor-post-type=\"page\">\n\t\t\t\t<!-- dce invisible element 7861a7f --><!-- dce invisible element ebb8a15 -->\t\t<\/div>\n\t\t","protected":false},"excerpt":{"rendered":"<p>PARADIS M\u00c9DITERRAN\u00c9EN BADCAT SAILING, nous sommes un groupe local de passionn\u00e9s de voile et de la M\u00e9diterran\u00e9e. C\u2019est pourquoi nous voulons partager notre passion pour la mer et les criques qui nous font nous sentir vivants. Nous vous proposons une exp\u00e9rience unique \u00e0 bord d&#8217;un magnifique voilier. Visites guid\u00e9es et activit\u00e9s telles que le kayak, [&hellip;]<\/p>\n","protected":false},"author":1,"featured_media":0,"parent":0,"menu_order":0,"comment_status":"closed","ping_status":"closed","template":"","meta":{"_acf_changed":false,"footnotes":""},"class_list":["post-5565","page","type-page","status-publish","hentry"],"acf":[],"_links":{"self":[{"href":"https:\/\/badcatsailing.com\/fr\/wp-json\/wp\/v2\/pages\/5565","targetHints":{"allow":["GET"]}}],"collection":[{"href":"https:\/\/badcatsailing.com\/fr\/wp-json\/wp\/v2\/pages"}],"about":[{"href":"https:\/\/badcatsailing.com\/fr\/wp-json\/wp\/v2\/types\/page"}],"author":[{"embeddable":true,"href":"https:\/\/badcatsailing.com\/fr\/wp-json\/wp\/v2\/users\/1"}],"replies":[{"embeddable":true,"href":"https:\/\/badcatsailing.com\/fr\/wp-json\/wp\/v2\/comments?post=5565"}],"version-history":[{"count":1,"href":"https:\/\/badcatsailing.com\/fr\/wp-json\/wp\/v2\/pages\/5565\/revisions"}],"predecessor-version":[{"id":5567,"href":"https:\/\/badcatsailing.com\/fr\/wp-json\/wp\/v2\/pages\/5565\/revisions\/5567"}],"wp:attachment":[{"href":"https:\/\/badcatsailing.com\/fr\/wp-json\/wp\/v2\/media?parent=5565"}],"curies":[{"name":"wp","href":"https:\/\/api.w.org\/{rel}","templated":true}]}}