{"id":5578,"date":"2022-06-16T08:42:05","date_gmt":"2022-06-16T07:42:05","guid":{"rendered":"https:\/\/badcatsailing.com\/coucher-de-soleil\/"},"modified":"2026-03-27T20:33:58","modified_gmt":"2026-03-27T19:33:58","slug":"coucher-de-soleil","status":"publish","type":"page","link":"https:\/\/badcatsailing.com\/fr\/coucher-de-soleil\/","title":{"rendered":"Coucher de soleil"},"content":{"rendered":"\t\t<div data-elementor-type=\"wp-page\" data-elementor-id=\"5578\" class=\"elementor elementor-5578 elementor-254\" data-elementor-post-type=\"page\">\n\t\t\t\t<!-- dce invisible element 8b6fef0 --><div class=\"elementor-element elementor-element-9a57d39 e-con-full e-flex e-con e-parent\" data-id=\"9a57d39\" data-element_type=\"container\" data-e-type=\"container\" data-settings=\"{&quot;enabled_visibility&quot;:&quot;yes&quot;,&quot;dce_visibility_selected&quot;:&quot;yes&quot;}\">\n\t\t\t\t<div class=\"elementor-element elementor-element-457ceaf elementor-widget elementor-widget-heading\" data-id=\"457ceaf\" data-element_type=\"widget\" data-e-type=\"widget\" data-widget_type=\"heading.default\">\n\t\t\t\t\t<h2 class=\"elementor-heading-title elementor-size-default\">COUCHER DE SOLEIL\n SUR LE VOILIER<\/h2>\t\t\t\t<\/div>\n\t\t\t\t<div data-dce-background-color=\"#FFFFFF\" class=\"elementor-element elementor-element-cabd109 elementor-align-center elementor-widget elementor-widget-button\" data-id=\"cabd109\" data-element_type=\"widget\" data-e-type=\"widget\" data-widget_type=\"button.default\">\n\t\t\t\t\t\t\t\t\t\t<a class=\"elementor-button elementor-button-link elementor-size-xl\" href=\"https:\/\/badcatsailing.com\/fr\/voilier-isavena\/#reservaonline\">\n\t\t\t\t\t\t<span class=\"elementor-button-content-wrapper\">\n\t\t\t\t\t\t\t\t\t<span class=\"elementor-button-text\">R\u00e9servez maintenant<\/span>\n\t\t\t\t\t<\/span>\n\t\t\t\t\t<\/a>\n\t\t\t\t\t\t\t\t<\/div>\n\t\t\t\t<div class=\"elementor-element elementor-element-9f3667b elementor-widget elementor-widget-text-editor\" data-id=\"9f3667b\" data-element_type=\"widget\" data-e-type=\"widget\" data-widget_type=\"text-editor.default\">\n\t\t\t\t\t\t\t\t\t<p>Sans aucun doute, l&#8217;un des plus beaux moments de la journ\u00e9e est le coucher du soleil, qui nous offre un spectacle magnifique. D\u00e9tendez-vous et passez un moment inoubliable entre amis ou en famille \u00e0 bord de notre voilier, l&#8217;Is\u00e0vena. Musique, en-cas, ambiance d\u00e9contract\u00e9e et photos exceptionnelles avec les derniers rayons du soleil. De plus, vous pouvez d\u00e9sormais personnaliser enti\u00e8rement votre exp\u00e9rience pour faire de l&#8217;observation du coucher de soleil depuis la mer un moment v\u00e9ritablement magique \u00e0 bord.   <\/p>\t\t\t\t\t\t\t\t<\/div>\n\t\t\t\t<\/div>\n\t\t<div class=\"elementor-element elementor-element-2106e37 e-con-full e-flex e-con e-parent\" data-id=\"2106e37\" data-element_type=\"container\" data-e-type=\"container\">\n\t\t<div class=\"elementor-element elementor-element-4211ff4 e-con-full e-flex e-con e-child\" data-id=\"4211ff4\" data-element_type=\"container\" data-e-type=\"container\">\n\t\t\t\t<div class=\"elementor-element elementor-element-e62f038 elementor-widget elementor-widget-image\" data-id=\"e62f038\" data-element_type=\"widget\" data-e-type=\"widget\" data-widget_type=\"image.default\">\n\t\t\t\t\t\t\t\t\t\t\t\t\t\t\t<img decoding=\"async\" width=\"196\" height=\"196\" src=\"https:\/\/badcatsailing.com\/wp-content\/uploads\/2022\/08\/estrella.png\" class=\"attachment-large size-large wp-image-2930\" alt=\"\" srcset=\"https:\/\/badcatsailing.com\/wp-content\/uploads\/2022\/08\/estrella.png 196w, https:\/\/badcatsailing.com\/wp-content\/uploads\/2022\/08\/estrella-150x150.png.webp 150w\" sizes=\"(max-width: 196px) 100vw, 196px\" \/>\t\t\t\t\t\t\t\t\t\t\t\t\t\t\t<\/div>\n\t\t\t\t<div class=\"elementor-element elementor-element-c3bd663 elementor-widget elementor-widget-heading\" data-id=\"c3bd663\" data-element_type=\"widget\" data-e-type=\"widget\" data-widget_type=\"heading.default\">\n\t\t\t\t\t<h3 class=\"elementor-heading-title elementor-size-default\">EXP\u00c9RIENCE PERSONNALIS\u00c9E<\/h3>\t\t\t\t<\/div>\n\t\t\t\t<div class=\"elementor-element elementor-element-50312c0 elementor-widget elementor-widget-text-editor\" data-id=\"50312c0\" data-element_type=\"widget\" data-e-type=\"widget\" data-widget_type=\"text-editor.default\">\n\t\t\t\t\t\t\t\t\t<p style=\"text-align: center;\">Personnalisez-le gr\u00e2ce \u00e0 notre <span style=\"text-decoration: underline;\"><a href=\"https:\/\/badcatsailing.com\/fr\/contact\/\">FORMULAIRE<\/a><\/span><\/p>\t\t\t\t\t\t\t\t<\/div>\n\t\t\t\t<\/div>\n\t\t<div class=\"elementor-element elementor-element-a302819 e-con-full e-flex e-con e-child\" data-id=\"a302819\" data-element_type=\"container\" data-e-type=\"container\">\n\t\t\t\t<div class=\"elementor-element elementor-element-5c9c71d elementor-widget elementor-widget-image\" data-id=\"5c9c71d\" data-element_type=\"widget\" data-e-type=\"widget\" data-widget_type=\"image.default\">\n\t\t\t\t\t\t\t\t\t\t\t\t\t\t\t<img decoding=\"async\" width=\"196\" height=\"196\" src=\"https:\/\/badcatsailing.com\/wp-content\/uploads\/2022\/08\/estrella.png\" class=\"attachment-large size-large wp-image-2930\" alt=\"\" srcset=\"https:\/\/badcatsailing.com\/wp-content\/uploads\/2022\/08\/estrella.png 196w, https:\/\/badcatsailing.com\/wp-content\/uploads\/2022\/08\/estrella-150x150.png.webp 150w\" sizes=\"(max-width: 196px) 100vw, 196px\" \/>\t\t\t\t\t\t\t\t\t\t\t\t\t\t\t<\/div>\n\t\t\t\t<div class=\"elementor-element elementor-element-05861e5 elementor-widget elementor-widget-heading\" data-id=\"05861e5\" data-element_type=\"widget\" data-e-type=\"widget\" data-widget_type=\"heading.default\">\n\t\t\t\t\t<h3 class=\"elementor-heading-title elementor-size-default\">ADIEUX ET\n C\u00c9L\u00c9BRATIONS<\/h3>\t\t\t\t<\/div>\n\t\t\t\t<div class=\"elementor-element elementor-element-09b6274 elementor-widget elementor-widget-text-editor\" data-id=\"09b6274\" data-element_type=\"widget\" data-e-type=\"widget\" data-widget_type=\"text-editor.default\">\n\t\t\t\t\t\t\t\t\t<p style=\"text-align: center;\">Vous pouvez ajouter cette exp\u00e9rience \u00e0 votre \u00e9v\u00e9nement ou \u00e0 votre f\u00eate \u00e0 bord de notre voilier.<\/p>\t\t\t\t\t\t\t\t<\/div>\n\t\t\t\t<\/div>\n\t\t<div class=\"elementor-element elementor-element-47ab737 e-con-full e-flex e-con e-child\" data-id=\"47ab737\" data-element_type=\"container\" data-e-type=\"container\">\n\t\t\t\t<div class=\"elementor-element elementor-element-4c1fd3d elementor-widget elementor-widget-image\" data-id=\"4c1fd3d\" data-element_type=\"widget\" data-e-type=\"widget\" data-widget_type=\"image.default\">\n\t\t\t\t\t\t\t\t\t\t\t\t\t\t\t<img decoding=\"async\" width=\"196\" height=\"196\" src=\"https:\/\/badcatsailing.com\/wp-content\/uploads\/2022\/08\/estrella.png\" class=\"attachment-large size-large wp-image-2930\" alt=\"\" srcset=\"https:\/\/badcatsailing.com\/wp-content\/uploads\/2022\/08\/estrella.png 196w, https:\/\/badcatsailing.com\/wp-content\/uploads\/2022\/08\/estrella-150x150.png.webp 150w\" sizes=\"(max-width: 196px) 100vw, 196px\" \/>\t\t\t\t\t\t\t\t\t\t\t\t\t\t\t<\/div>\n\t\t\t\t<div class=\"elementor-element elementor-element-034be3f elementor-widget elementor-widget-heading\" data-id=\"034be3f\" data-element_type=\"widget\" data-e-type=\"widget\" data-widget_type=\"heading.default\">\n\t\t\t\t\t<h3 class=\"elementor-heading-title elementor-size-default\">MUSIQUE ET ACTIVIT\u00c9S<\/h3>\t\t\t\t<\/div>\n\t\t\t\t<div class=\"elementor-element elementor-element-900fa05 elementor-widget elementor-widget-text-editor\" data-id=\"900fa05\" data-element_type=\"widget\" data-e-type=\"widget\" data-widget_type=\"text-editor.default\">\n\t\t\t\t\t\t\t\t\t<p style=\"text-align: center;\">Laissez-vous porter par le rythme de la musique et de nos activit\u00e9s en mer : paddle, kayak et snorkeling.<\/p>\t\t\t\t\t\t\t\t<\/div>\n\t\t\t\t<\/div>\n\t\t\t\t<\/div>\n\t\t<div class=\"elementor-element elementor-element-f18a3cb e-con-full e-flex e-con e-parent\" data-id=\"f18a3cb\" data-element_type=\"container\" data-e-type=\"container\">\n\t\t\t\t<div class=\"elementor-element elementor-element-190b0bc elementor-widget elementor-widget-image\" data-id=\"190b0bc\" data-element_type=\"widget\" data-e-type=\"widget\" data-widget_type=\"image.default\">\n\t\t\t\t\t\t\t\t\t\t\t\t\t\t\t<img fetchpriority=\"high\" decoding=\"async\" width=\"800\" height=\"600\" src=\"https:\/\/badcatsailing.com\/wp-content\/uploads\/2022\/08\/puesta-de-sol2.jpg\" class=\"attachment-large size-large wp-image-3050\" alt=\"PUESTA DE SOL BAD CAT SAILING\" srcset=\"https:\/\/badcatsailing.com\/wp-content\/uploads\/2022\/08\/puesta-de-sol2.jpg.webp 1024w, https:\/\/badcatsailing.com\/wp-content\/uploads\/2022\/08\/puesta-de-sol2-300x225.jpg.webp 300w, https:\/\/badcatsailing.com\/wp-content\/uploads\/2022\/08\/puesta-de-sol2-768x576.jpg.webp 768w\" sizes=\"(max-width: 800px) 100vw, 800px\" \/>\t\t\t\t\t\t\t\t\t\t\t\t\t\t\t<\/div>\n\t\t\t\t<div class=\"elementor-element elementor-element-44a04ad elementor-widget elementor-widget-image\" data-id=\"44a04ad\" data-element_type=\"widget\" data-e-type=\"widget\" data-widget_type=\"image.default\">\n\t\t\t\t\t\t\t\t\t\t\t\t\t\t\t<img decoding=\"async\" width=\"800\" height=\"600\" src=\"https:\/\/badcatsailing.com\/wp-content\/uploads\/2022\/08\/puesta-de-sol.jpg\" class=\"attachment-large size-large wp-image-2971\" alt=\"PUESTA DE SOL ISAVENA\" srcset=\"https:\/\/badcatsailing.com\/wp-content\/uploads\/2022\/08\/puesta-de-sol.jpg.webp 1024w, https:\/\/badcatsailing.com\/wp-content\/uploads\/2022\/08\/puesta-de-sol-300x225.jpg 300w, https:\/\/badcatsailing.com\/wp-content\/uploads\/2022\/08\/puesta-de-sol-768x576.jpg.webp 768w\" sizes=\"(max-width: 800px) 100vw, 800px\" \/>\t\t\t\t\t\t\t\t\t\t\t\t\t\t\t<\/div>\n\t\t\t\t<\/div>\n\t\t<div class=\"elementor-element elementor-element-22092e2 e-con-full e-flex e-con e-parent\" data-id=\"22092e2\" data-element_type=\"container\" data-e-type=\"container\">\n\t\t\t\t<div data-dce-title-color=\"#000000\" class=\"elementor-element elementor-element-49a0d00 elementor-widget elementor-widget-heading\" data-id=\"49a0d00\" data-element_type=\"widget\" data-e-type=\"widget\" data-widget_type=\"heading.default\">\n\t\t\t\t\t<h2 class=\"elementor-heading-title elementor-size-default\">SOUHAITEZ-VOUS PERSONNALISER VOTRE EXP\u00c9RIENCE ?<\/h2>\t\t\t\t<\/div>\n\t\t\t\t<div class=\"elementor-element elementor-element-d823e5e elementor-widget elementor-widget-text-editor\" data-id=\"d823e5e\" data-element_type=\"widget\" data-e-type=\"widget\" data-widget_type=\"text-editor.default\">\n\t\t\t\t\t\t\t\t\t<p>Toutes nos exp\u00e9riences incluent tout ce dont vous avez besoin pour en profiter pleinement.<br> de la mer et de la navigation.<br> N\u00e9anmoins, nous pouvons personnaliser votre exp\u00e9rience pour la rendre encore plus sp\u00e9ciale.<br> Nous avons organis\u00e9 des soir\u00e9es gastronomiques avec des chefs \u00e9toil\u00e9s Michelin,<br> S\u00e9ances photo pour mariages, communions, et bien plus encore ! N&#8217;h\u00e9sitez pas !<br> Nous sommes ouverts \u00e0 vos id\u00e9es.<br> Ouvrez ce <span style=\"text-decoration: underline;\"><a href=\"https:\/\/badcatsailing.com\/fr\/contact\/\">FORMULAIRE<\/a><\/span> et dites-nous tout. <\/p>\t\t\t\t\t\t\t\t<\/div>\n\t\t\t\t<div data-dce-background-color=\"#FFFFFF\" class=\"elementor-element elementor-element-0d4ec50 elementor-align-center elementor-widget elementor-widget-button\" data-id=\"0d4ec50\" data-element_type=\"widget\" data-e-type=\"widget\" data-widget_type=\"button.default\">\n\t\t\t\t\t\t\t\t\t\t<a class=\"elementor-button elementor-button-link elementor-size-xl\" href=\"https:\/\/badcatsailing.com\/wp-content\/uploads\/2024\/08\/Packs-Isavena.pdf\">\n\t\t\t\t\t\t<span class=\"elementor-button-content-wrapper\">\n\t\t\t\t\t\t\t\t\t<span class=\"elementor-button-text\">Menu des collations et des boissons<\/span>\n\t\t\t\t\t<\/span>\n\t\t\t\t\t<\/a>\n\t\t\t\t\t\t\t\t<\/div>\n\t\t\t\t<\/div>\n\t\t<div class=\"elementor-element elementor-element-40dfd2f e-con-full e-flex e-con e-parent\" data-id=\"40dfd2f\" data-element_type=\"container\" data-e-type=\"container\">\n\t\t\t\t<div class=\"elementor-element elementor-element-12687a8 elementor-widget__width-initial elementor-widget-mobile__width-inherit elementor-widget elementor-widget-heading\" data-id=\"12687a8\" data-element_type=\"widget\" data-e-type=\"widget\" data-widget_type=\"heading.default\">\n\t\t\t\t\t<h2 class=\"elementor-heading-title elementor-size-default\">QU'EST-CE QUI EST INCLUS ?<br> NOS ITIN\u00c9RAIRES ?<\/h2>\t\t\t\t<\/div>\n\t\t\t\t<div class=\"elementor-element elementor-element-2e79c26 elementor-widget__width-initial elementor-widget-mobile__width-inherit elementor-widget elementor-widget-text-editor\" data-id=\"2e79c26\" data-element_type=\"widget\" data-e-type=\"widget\" data-widget_type=\"text-editor.default\">\n\t\t\t\t\t\t\t\t\t<p>VOILIER ENTI\u00c8REMENT \u00c9QUIP\u00c9<\/p><p>MOD\u00c8LE PROFESSIONNEL<\/p><p>CAPACIT\u00c9 POUR 11 PERSONNES<\/p><p>ACTIVIT\u00c9S \u00c0 BORD : PADDLE SURF + KAYAK + MASQUE DE PLONG\u00c9E AVEC TUBA<\/p><p>COLLATIONS : NOIX<\/p><p>BOISSONS : 1 BOISSON (EAU \/ BI\u00c8RE \/ SODA) PAR PERSONNE<\/p><p>D\u00c9PART DU PORT DE PLAYA DE ARO<\/p><p>SERVICE DE CARBURANT ET DE NETTOYAGE<\/p>\t\t\t\t\t\t\t\t<\/div>\n\t\t\t\t<div class=\"elementor-element elementor-element-9b9a10d elementor-widget__width-inherit elementor-widget elementor-widget-text-editor\" data-id=\"9b9a10d\" data-element_type=\"widget\" data-e-type=\"widget\" data-widget_type=\"text-editor.default\">\n\t\t\t\t\t\t\t\t\t<p>*Si des demandes suppl\u00e9mentaires sont n\u00e9cessaires&nbsp;: <span style=\"text-decoration: underline;\"><a href=\"https:\/\/badcatsailing.com\/fr\/contact\/\">OUVRIR LE FORMULAIRE<\/a><\/span><\/p><p>Pour toute autre question, veuillez <span style=\"text-decoration: underline;\"><a href=\"mailto:info@badcatsailing.com\">nous contacter par courriel<\/a><\/span> ou <span style=\"text-decoration: underline;\"><a href=\"tel:0034722710267\">par t\u00e9l\u00e9phone.<\/a><\/span><\/p>\t\t\t\t\t\t\t\t<\/div>\n\t\t\t\t<\/div>\n\t\t<!-- dce invisible element ddd22c1 -->\t\t<\/div>\n\t\t","protected":false},"excerpt":{"rendered":"<p>COUCHER DE SOLEIL SUR LE VOILIER R\u00e9servez maintenant Sans aucun doute, l&#8217;un des plus beaux moments de la journ\u00e9e est le coucher du soleil, qui nous offre un spectacle magnifique. D\u00e9tendez-vous et passez un moment inoubliable entre amis ou en famille \u00e0 bord de notre voilier, l&#8217;Is\u00e0vena. Musique, en-cas, ambiance d\u00e9contract\u00e9e et photos exceptionnelles avec [&hellip;]<\/p>\n","protected":false},"author":1,"featured_media":2353,"parent":0,"menu_order":0,"comment_status":"closed","ping_status":"closed","template":"","meta":{"_acf_changed":false,"footnotes":""},"class_list":["post-5578","page","type-page","status-publish","has-post-thumbnail","hentry"],"acf":[],"_links":{"self":[{"href":"https:\/\/badcatsailing.com\/fr\/wp-json\/wp\/v2\/pages\/5578","targetHints":{"allow":["GET"]}}],"collection":[{"href":"https:\/\/badcatsailing.com\/fr\/wp-json\/wp\/v2\/pages"}],"about":[{"href":"https:\/\/badcatsailing.com\/fr\/wp-json\/wp\/v2\/types\/page"}],"author":[{"embeddable":true,"href":"https:\/\/badcatsailing.com\/fr\/wp-json\/wp\/v2\/users\/1"}],"replies":[{"embeddable":true,"href":"https:\/\/badcatsailing.com\/fr\/wp-json\/wp\/v2\/comments?post=5578"}],"version-history":[{"count":3,"href":"https:\/\/badcatsailing.com\/fr\/wp-json\/wp\/v2\/pages\/5578\/revisions"}],"predecessor-version":[{"id":5797,"href":"https:\/\/badcatsailing.com\/fr\/wp-json\/wp\/v2\/pages\/5578\/revisions\/5797"}],"wp:featuredmedia":[{"embeddable":true,"href":"https:\/\/badcatsailing.com\/fr\/wp-json\/wp\/v2\/media\/2353"}],"wp:attachment":[{"href":"https:\/\/badcatsailing.com\/fr\/wp-json\/wp\/v2\/media?parent=5578"}],"curies":[{"name":"wp","href":"https:\/\/api.w.org\/{rel}","templated":true}]}}