{"id":5588,"date":"2022-06-16T08:40:30","date_gmt":"2022-06-16T07:40:30","guid":{"rendered":"https:\/\/badcatsailing.com\/fete-en-bateau\/"},"modified":"2026-03-27T20:33:49","modified_gmt":"2026-03-27T19:33:49","slug":"fete-en-bateau","status":"publish","type":"page","link":"https:\/\/badcatsailing.com\/fr\/fete-en-bateau\/","title":{"rendered":"F\u00eate en bateau"},"content":{"rendered":"\t\t<div data-elementor-type=\"wp-page\" data-elementor-id=\"5588\" class=\"elementor elementor-5588 elementor-248\" data-elementor-post-type=\"page\">\n\t\t\t\t<!-- dce invisible element 86c1605 --><div class=\"elementor-element elementor-element-5f526f3 e-con-full e-flex e-con e-parent\" data-id=\"5f526f3\" data-element_type=\"container\" data-e-type=\"container\" data-settings=\"{&quot;enabled_visibility&quot;:&quot;yes&quot;,&quot;dce_visibility_selected&quot;:&quot;yes&quot;}\">\n\t\t\t\t<div class=\"elementor-element elementor-element-25fe45c elementor-widget elementor-widget-heading\" data-id=\"25fe45c\" data-element_type=\"widget\" data-e-type=\"widget\" data-widget_type=\"heading.default\">\n\t\t\t\t\t<h2 class=\"elementor-heading-title elementor-size-default\">F\u00caTE EN BATEAU \u00c0<br> VOILIER<\/h2>\t\t\t\t<\/div>\n\t\t\t\t<div data-dce-background-color=\"#FFFFFF\" class=\"elementor-element elementor-element-b42c68b elementor-align-center elementor-widget elementor-widget-button\" data-id=\"b42c68b\" data-element_type=\"widget\" data-e-type=\"widget\" data-widget_type=\"button.default\">\n\t\t\t\t\t\t\t\t\t\t<a class=\"elementor-button elementor-button-link elementor-size-xl\" href=\"https:\/\/badcatsailing.com\/fr\/voilier-isavena\/#reservaonline\">\n\t\t\t\t\t\t<span class=\"elementor-button-content-wrapper\">\n\t\t\t\t\t\t\t\t\t<span class=\"elementor-button-text\">R\u00e9servez maintenant<\/span>\n\t\t\t\t\t<\/span>\n\t\t\t\t\t<\/a>\n\t\t\t\t\t\t\t\t<\/div>\n\t\t\t\t<div class=\"elementor-element elementor-element-70a7894 elementor-widget elementor-widget-text-editor\" data-id=\"70a7894\" data-element_type=\"widget\" data-e-type=\"widget\" data-widget_type=\"text-editor.default\">\n\t\t\t\t\t\t\t\t\t<p>Envie d&#8217;organiser une f\u00eate inoubliable en mer&nbsp;? Embarquez \u00e0 bord de l&#8217;un de nos bateaux et vivez une exp\u00e9rience unique avec vos proches. Une croisi\u00e8re sur mesure pour c\u00e9l\u00e9brer votre anniversaire, un enterrement de vie de gar\u00e7on\/jeune fille, un \u00e9v\u00e9nement ou toute autre occasion sp\u00e9ciale.  <br>Nous nous engageons \u00e0 prendre soin du moindre d\u00e9tail pour que passer un excellent moment avec vos amis et votre famille \u00e0 bord de l&#8217;Is\u00e0vena devienne une r\u00e9alit\u00e9.<\/p>\t\t\t\t\t\t\t\t<\/div>\n\t\t\t\t<\/div>\n\t\t<div class=\"elementor-element elementor-element-ef8ff4b e-con-full e-flex e-con e-parent\" data-id=\"ef8ff4b\" data-element_type=\"container\" data-e-type=\"container\">\n\t\t<div class=\"elementor-element elementor-element-471b26a e-con-full e-flex e-con e-child\" data-id=\"471b26a\" data-element_type=\"container\" data-e-type=\"container\">\n\t\t\t\t<div class=\"elementor-element elementor-element-39b6bbb elementor-widget elementor-widget-image\" data-id=\"39b6bbb\" data-element_type=\"widget\" data-e-type=\"widget\" data-widget_type=\"image.default\">\n\t\t\t\t\t\t\t\t\t\t\t\t\t\t\t<img decoding=\"async\" width=\"196\" height=\"196\" src=\"https:\/\/badcatsailing.com\/wp-content\/uploads\/2022\/08\/estrella.png\" class=\"attachment-large size-large wp-image-2930\" alt=\"\" srcset=\"https:\/\/badcatsailing.com\/wp-content\/uploads\/2022\/08\/estrella.png 196w, https:\/\/badcatsailing.com\/wp-content\/uploads\/2022\/08\/estrella-150x150.png.webp 150w\" sizes=\"(max-width: 196px) 100vw, 196px\" \/>\t\t\t\t\t\t\t\t\t\t\t\t\t\t\t<\/div>\n\t\t\t\t<div class=\"elementor-element elementor-element-aa12c17 elementor-widget elementor-widget-heading\" data-id=\"aa12c17\" data-element_type=\"widget\" data-e-type=\"widget\" data-widget_type=\"heading.default\">\n\t\t\t\t\t<h3 class=\"elementor-heading-title elementor-size-default\">EXP\u00c9RIENCE PERSONNALIS\u00c9E<\/h3>\t\t\t\t<\/div>\n\t\t\t\t<div class=\"elementor-element elementor-element-f5c9450 elementor-widget elementor-widget-text-editor\" data-id=\"f5c9450\" data-element_type=\"widget\" data-e-type=\"widget\" data-widget_type=\"text-editor.default\">\n\t\t\t\t\t\t\t\t\t<p style=\"text-align: center;\">Personnalisez-le gr\u00e2ce \u00e0 notre <span style=\"text-decoration: underline;\"><a href=\"https:\/\/badcatsailing.com\/fr\/contact\/\">FORMULAIRE<\/a><\/span><\/p>\t\t\t\t\t\t\t\t<\/div>\n\t\t\t\t<\/div>\n\t\t<div class=\"elementor-element elementor-element-df02e8d e-con-full e-flex e-con e-child\" data-id=\"df02e8d\" data-element_type=\"container\" data-e-type=\"container\">\n\t\t\t\t<div class=\"elementor-element elementor-element-aabfaf7 elementor-widget elementor-widget-image\" data-id=\"aabfaf7\" data-element_type=\"widget\" data-e-type=\"widget\" data-widget_type=\"image.default\">\n\t\t\t\t\t\t\t\t\t\t\t\t\t\t\t<img decoding=\"async\" width=\"196\" height=\"196\" src=\"https:\/\/badcatsailing.com\/wp-content\/uploads\/2022\/08\/estrella.png\" class=\"attachment-large size-large wp-image-2930\" alt=\"\" srcset=\"https:\/\/badcatsailing.com\/wp-content\/uploads\/2022\/08\/estrella.png 196w, https:\/\/badcatsailing.com\/wp-content\/uploads\/2022\/08\/estrella-150x150.png.webp 150w\" sizes=\"(max-width: 196px) 100vw, 196px\" \/>\t\t\t\t\t\t\t\t\t\t\t\t\t\t\t<\/div>\n\t\t\t\t<div class=\"elementor-element elementor-element-3a3d371 elementor-widget elementor-widget-heading\" data-id=\"3a3d371\" data-element_type=\"widget\" data-e-type=\"widget\" data-widget_type=\"heading.default\">\n\t\t\t\t\t<h3 class=\"elementor-heading-title elementor-size-default\">ADIEUX ET\n C\u00c9L\u00c9BRATIONS<\/h3>\t\t\t\t<\/div>\n\t\t\t\t<div class=\"elementor-element elementor-element-d8a2f49 elementor-widget elementor-widget-text-editor\" data-id=\"d8a2f49\" data-element_type=\"widget\" data-e-type=\"widget\" data-widget_type=\"text-editor.default\">\n\t\t\t\t\t\t\t\t\t<p style=\"text-align: center;\">Le plus beau cadeau que vous puissiez offrir \u00e0 vos proches,<br> C&#8217;est une exp\u00e9rience inoubliable.<\/p>\t\t\t\t\t\t\t\t<\/div>\n\t\t\t\t<\/div>\n\t\t<div class=\"elementor-element elementor-element-8c0961e e-con-full e-flex e-con e-child\" data-id=\"8c0961e\" data-element_type=\"container\" data-e-type=\"container\">\n\t\t\t\t<div class=\"elementor-element elementor-element-b12f3c0 elementor-widget elementor-widget-image\" data-id=\"b12f3c0\" data-element_type=\"widget\" data-e-type=\"widget\" data-widget_type=\"image.default\">\n\t\t\t\t\t\t\t\t\t\t\t\t\t\t\t<img decoding=\"async\" width=\"196\" height=\"196\" src=\"https:\/\/badcatsailing.com\/wp-content\/uploads\/2022\/08\/estrella.png\" class=\"attachment-large size-large wp-image-2930\" alt=\"\" srcset=\"https:\/\/badcatsailing.com\/wp-content\/uploads\/2022\/08\/estrella.png 196w, https:\/\/badcatsailing.com\/wp-content\/uploads\/2022\/08\/estrella-150x150.png.webp 150w\" sizes=\"(max-width: 196px) 100vw, 196px\" \/>\t\t\t\t\t\t\t\t\t\t\t\t\t\t\t<\/div>\n\t\t\t\t<div class=\"elementor-element elementor-element-3d7c46f elementor-widget elementor-widget-heading\" data-id=\"3d7c46f\" data-element_type=\"widget\" data-e-type=\"widget\" data-widget_type=\"heading.default\">\n\t\t\t\t\t<h3 class=\"elementor-heading-title elementor-size-default\">MUSIQUE ET ACTIVIT\u00c9S<\/h3>\t\t\t\t<\/div>\n\t\t\t\t<div class=\"elementor-element elementor-element-cbec728 elementor-widget elementor-widget-text-editor\" data-id=\"cbec728\" data-element_type=\"widget\" data-e-type=\"widget\" data-widget_type=\"text-editor.default\">\n\t\t\t\t\t\t\t\t\t<p style=\"text-align: center;\">Laissez-vous porter par le rythme de la musique et de nos activit\u00e9s en mer : paddle, kayak et snorkeling.<\/p>\t\t\t\t\t\t\t\t<\/div>\n\t\t\t\t<\/div>\n\t\t\t\t<\/div>\n\t\t<div class=\"elementor-element elementor-element-86fb23e e-con-full e-flex e-con e-parent\" data-id=\"86fb23e\" data-element_type=\"container\" data-e-type=\"container\">\n\t\t\t\t<div class=\"elementor-element elementor-element-f3980ef elementor-widget elementor-widget-image\" data-id=\"f3980ef\" data-element_type=\"widget\" data-e-type=\"widget\" data-widget_type=\"image.default\">\n\t\t\t\t\t\t\t\t\t\t\t\t\t\t\t<img fetchpriority=\"high\" decoding=\"async\" width=\"800\" height=\"600\" src=\"https:\/\/badcatsailing.com\/wp-content\/uploads\/2022\/08\/fiesta2.jpg\" class=\"attachment-large size-large wp-image-2945\" alt=\"\" srcset=\"https:\/\/badcatsailing.com\/wp-content\/uploads\/2022\/08\/fiesta2.jpg.webp 1024w, https:\/\/badcatsailing.com\/wp-content\/uploads\/2022\/08\/fiesta2-300x225.jpg 300w, https:\/\/badcatsailing.com\/wp-content\/uploads\/2022\/08\/fiesta2-768x576.jpg.webp 768w\" sizes=\"(max-width: 800px) 100vw, 800px\" \/>\t\t\t\t\t\t\t\t\t\t\t\t\t\t\t<\/div>\n\t\t\t\t<div class=\"elementor-element elementor-element-9fbb024 elementor-widget elementor-widget-image\" data-id=\"9fbb024\" data-element_type=\"widget\" data-e-type=\"widget\" data-widget_type=\"image.default\">\n\t\t\t\t\t\t\t\t\t\t\t\t\t\t\t<img decoding=\"async\" width=\"800\" height=\"600\" src=\"https:\/\/badcatsailing.com\/wp-content\/uploads\/2022\/08\/fiesta.jpg\" class=\"attachment-large size-large wp-image-2949\" alt=\"\" srcset=\"https:\/\/badcatsailing.com\/wp-content\/uploads\/2022\/08\/fiesta.jpg.webp 1024w, https:\/\/badcatsailing.com\/wp-content\/uploads\/2022\/08\/fiesta-300x225.jpg.webp 300w, https:\/\/badcatsailing.com\/wp-content\/uploads\/2022\/08\/fiesta-768x576.jpg.webp 768w\" sizes=\"(max-width: 800px) 100vw, 800px\" \/>\t\t\t\t\t\t\t\t\t\t\t\t\t\t\t<\/div>\n\t\t\t\t<\/div>\n\t\t<div class=\"elementor-element elementor-element-bf94ae1 e-con-full e-flex e-con e-parent\" data-id=\"bf94ae1\" data-element_type=\"container\" data-e-type=\"container\">\n\t\t\t\t<div data-dce-title-color=\"#000000\" class=\"elementor-element elementor-element-1900972 elementor-widget elementor-widget-heading\" data-id=\"1900972\" data-element_type=\"widget\" data-e-type=\"widget\" data-widget_type=\"heading.default\">\n\t\t\t\t\t<h2 class=\"elementor-heading-title elementor-size-default\">SOUHAITEZ-VOUS PERSONNALISER VOTRE EXP\u00c9RIENCE ?<\/h2>\t\t\t\t<\/div>\n\t\t\t\t<div class=\"elementor-element elementor-element-f1928c8 elementor-widget elementor-widget-text-editor\" data-id=\"f1928c8\" data-element_type=\"widget\" data-e-type=\"widget\" data-widget_type=\"text-editor.default\">\n\t\t\t\t\t\t\t\t\t<p>Toutes nos exp\u00e9riences incluent tout ce dont vous avez besoin pour en profiter pleinement.<br> de la mer et de la navigation.<br> N\u00e9anmoins, nous pouvons personnaliser votre exp\u00e9rience pour la rendre encore plus sp\u00e9ciale.<br> Nous avons organis\u00e9 des soir\u00e9es gastronomiques avec des chefs \u00e9toil\u00e9s Michelin,<br> S\u00e9ances photo pour mariages, communions, et bien plus encore ! N&#8217;h\u00e9sitez pas !<br> Nous sommes ouverts \u00e0 vos id\u00e9es.<br> Ouvrez ce <span style=\"text-decoration: underline;\"><a href=\"https:\/\/badcatsailing.com\/fr\/contact\/\">FORMULAIRE<\/a><\/span> et dites-nous tout. <\/p>\t\t\t\t\t\t\t\t<\/div>\n\t\t\t\t<div data-dce-background-color=\"#FFFFFF\" class=\"elementor-element elementor-element-8826d25 elementor-align-center elementor-widget elementor-widget-button\" data-id=\"8826d25\" data-element_type=\"widget\" data-e-type=\"widget\" data-widget_type=\"button.default\">\n\t\t\t\t\t\t\t\t\t\t<a class=\"elementor-button elementor-button-link elementor-size-xl\" href=\"https:\/\/badcatsailing.com\/wp-content\/uploads\/2024\/08\/Packs-Isavena.pdf\">\n\t\t\t\t\t\t<span class=\"elementor-button-content-wrapper\">\n\t\t\t\t\t\t\t\t\t<span class=\"elementor-button-text\">Menu des collations et des boissons<\/span>\n\t\t\t\t\t<\/span>\n\t\t\t\t\t<\/a>\n\t\t\t\t\t\t\t\t<\/div>\n\t\t\t\t<\/div>\n\t\t<div class=\"elementor-element elementor-element-daf5aa6 e-con-full e-flex e-con e-parent\" data-id=\"daf5aa6\" data-element_type=\"container\" data-e-type=\"container\">\n\t\t\t\t<div class=\"elementor-element elementor-element-cb4ea62 elementor-widget__width-initial elementor-widget-mobile__width-inherit elementor-widget elementor-widget-heading\" data-id=\"cb4ea62\" data-element_type=\"widget\" data-e-type=\"widget\" data-widget_type=\"heading.default\">\n\t\t\t\t\t<h2 class=\"elementor-heading-title elementor-size-default\">QU'EST-CE QUI EST INCLUS ?<br> NOS ITIN\u00c9RAIRES ?<\/h2>\t\t\t\t<\/div>\n\t\t\t\t<div class=\"elementor-element elementor-element-099f4c0 elementor-widget__width-initial elementor-widget-mobile__width-inherit elementor-widget elementor-widget-text-editor\" data-id=\"099f4c0\" data-element_type=\"widget\" data-e-type=\"widget\" data-widget_type=\"text-editor.default\">\n\t\t\t\t\t\t\t\t\t<p>VOILIER ENTI\u00c8REMENT \u00c9QUIP\u00c9<\/p><p>MOD\u00c8LE PROFESSIONNEL<\/p><p>CAPACIT\u00c9 POUR 11 PERSONNES<\/p><p>ACTIVIT\u00c9S \u00c0 BORD : PADDLE SURF + KAYAK + MASQUE DE PLONG\u00c9E AVEC TUBA<\/p><p>COLLATIONS : NOIX<\/p><p>BOISSONS : 1 BOISSON (EAU \/ BI\u00c8RE \/ SODA) PAR PERSONNE<\/p><p>D\u00c9PART DU PORT DE PLAYA DE ARO<\/p><p>SERVICE DE CARBURANT ET DE NETTOYAGE<\/p>\t\t\t\t\t\t\t\t<\/div>\n\t\t\t\t<div class=\"elementor-element elementor-element-6700a7c elementor-widget__width-inherit elementor-widget elementor-widget-text-editor\" data-id=\"6700a7c\" data-element_type=\"widget\" data-e-type=\"widget\" data-widget_type=\"text-editor.default\">\n\t\t\t\t\t\t\t\t\t<p>*Si des demandes suppl\u00e9mentaires sont n\u00e9cessaires&nbsp;: <span style=\"text-decoration: underline;\"><a href=\"https:\/\/badcatsailing.com\/fr\/contact\/\">OUVRIR LE FORMULAIRE<\/a><\/span><\/p><p>Pour toute autre question, veuillez <span style=\"text-decoration: underline;\"><a href=\"mailto:info@badcatsailing.com\">nous contacter par courriel<\/a><\/span> ou <span style=\"text-decoration: underline;\"><a href=\"tel:0034722710267\">par t\u00e9l\u00e9phone.<\/a><\/span><\/p>\t\t\t\t\t\t\t\t<\/div>\n\t\t\t\t<\/div>\n\t\t<!-- dce invisible element eb3475d -->\t\t<\/div>\n\t\t","protected":false},"excerpt":{"rendered":"<p>F\u00caTE EN BATEAU \u00c0 VOILIER R\u00e9servez maintenant Envie d&#8217;organiser une f\u00eate inoubliable en mer&nbsp;? Embarquez \u00e0 bord de l&#8217;un de nos bateaux et vivez une exp\u00e9rience unique avec vos proches. Une croisi\u00e8re sur mesure pour c\u00e9l\u00e9brer votre anniversaire, un enterrement de vie de gar\u00e7on\/jeune fille, un \u00e9v\u00e9nement ou toute autre occasion sp\u00e9ciale. Nous nous engageons [&hellip;]<\/p>\n","protected":false},"author":1,"featured_media":4727,"parent":0,"menu_order":0,"comment_status":"closed","ping_status":"closed","template":"","meta":{"_acf_changed":false,"footnotes":""},"class_list":["post-5588","page","type-page","status-publish","has-post-thumbnail","hentry"],"acf":[],"_links":{"self":[{"href":"https:\/\/badcatsailing.com\/fr\/wp-json\/wp\/v2\/pages\/5588","targetHints":{"allow":["GET"]}}],"collection":[{"href":"https:\/\/badcatsailing.com\/fr\/wp-json\/wp\/v2\/pages"}],"about":[{"href":"https:\/\/badcatsailing.com\/fr\/wp-json\/wp\/v2\/types\/page"}],"author":[{"embeddable":true,"href":"https:\/\/badcatsailing.com\/fr\/wp-json\/wp\/v2\/users\/1"}],"replies":[{"embeddable":true,"href":"https:\/\/badcatsailing.com\/fr\/wp-json\/wp\/v2\/comments?post=5588"}],"version-history":[{"count":3,"href":"https:\/\/badcatsailing.com\/fr\/wp-json\/wp\/v2\/pages\/5588\/revisions"}],"predecessor-version":[{"id":5794,"href":"https:\/\/badcatsailing.com\/fr\/wp-json\/wp\/v2\/pages\/5588\/revisions\/5794"}],"wp:featuredmedia":[{"embeddable":true,"href":"https:\/\/badcatsailing.com\/fr\/wp-json\/wp\/v2\/media\/4727"}],"wp:attachment":[{"href":"https:\/\/badcatsailing.com\/fr\/wp-json\/wp\/v2\/media?parent=5588"}],"curies":[{"name":"wp","href":"https:\/\/api.w.org\/{rel}","templated":true}]}}