{"id":5600,"date":"2022-06-16T08:35:38","date_gmt":"2022-06-16T07:35:38","guid":{"rendered":"https:\/\/badcatsailing.com\/experiences\/"},"modified":"2026-03-27T19:55:33","modified_gmt":"2026-03-27T18:55:33","slug":"experiences","status":"publish","type":"page","link":"https:\/\/badcatsailing.com\/fr\/experiences\/","title":{"rendered":"Exp\u00e9riences"},"content":{"rendered":"\t\t<div data-elementor-type=\"wp-page\" data-elementor-id=\"5600\" class=\"elementor elementor-5600 elementor-243\" data-elementor-post-type=\"page\">\n\t\t\t\t<!-- dce invisible element aca0271 --><div class=\"elementor-element elementor-element-e0c2cd6 e-con-full e-flex e-con e-parent\" data-id=\"e0c2cd6\" data-element_type=\"container\" data-e-type=\"container\" data-settings=\"{&quot;enabled_visibility&quot;:&quot;yes&quot;,&quot;dce_visibility_selected&quot;:&quot;yes&quot;}\">\n\t\t<div data-dce-background-image-url=\"https:\/\/badcatsailing.com\/wp-content\/uploads\/2022\/08\/EXPERIENCIAS_BADCAT-scaled.jpg\" class=\"elementor-element elementor-element-adeefd7 e-con-full e-flex e-con e-child\" data-id=\"adeefd7\" data-element_type=\"container\" data-e-type=\"container\" data-settings=\"{&quot;background_background&quot;:&quot;classic&quot;}\">\n\t\t\t\t<\/div>\n\t\t<div class=\"elementor-element elementor-element-7a832f1 e-con-full e-flex e-con e-child\" data-id=\"7a832f1\" data-element_type=\"container\" data-e-type=\"container\">\n\t\t\t\t<div class=\"elementor-element elementor-element-2d24dac elementor-widget elementor-widget-heading\" data-id=\"2d24dac\" data-element_type=\"widget\" data-e-type=\"widget\" data-widget_type=\"heading.default\">\n\t\t\t\t\t<h2 class=\"elementor-heading-title elementor-size-default\">Exp\u00e9riences<br> Navigation BadCat<\/h2>\t\t\t\t<\/div>\n\t\t\t\t<div class=\"elementor-element elementor-element-822cc5a elementor-widget elementor-widget-text-editor\" data-id=\"822cc5a\" data-element_type=\"widget\" data-e-type=\"widget\" data-widget_type=\"text-editor.default\">\n\t\t\t\t\t\t\t\t\t<p>Chez BADCAT SAILING, nous vous proposons les \u00ab packs d&#8217;exp\u00e9rience \u00bb suivants, que vous pouvez d\u00e9sormais personnaliser selon vos envies.<\/p>\t\t\t\t\t\t\t\t<\/div>\n\t\t\t\t<div class=\"elementor-element elementor-element-67c29a2 elementor-widget elementor-widget-heading\" data-id=\"67c29a2\" data-element_type=\"widget\" data-e-type=\"widget\" data-widget_type=\"heading.default\">\n\t\t\t\t\t<h2 class=\"elementor-heading-title elementor-size-default\">F\u00eate en bateau<\/h2>\t\t\t\t<\/div>\n\t\t\t\t<div class=\"elementor-element elementor-element-6383f30 elementor-widget elementor-widget-text-editor\" data-id=\"6383f30\" data-element_type=\"widget\" data-e-type=\"widget\" data-widget_type=\"text-editor.default\">\n\t\t\t\t\t\t\t\t\t<p>Envie de vivre une f\u00eate inoubliable en mer ?<br>Montez \u00e0 bord de nos navires et ne manquez pas la meilleure soir\u00e9e que nous puissions vous offrir, \u00e0 partager avec vos proches.<\/p>\t\t\t\t\t\t\t\t<\/div>\n\t\t\t\t<div data-dce-background-color=\"#FFFFFF\" class=\"elementor-element elementor-element-f79d3ff elementor-align-center elementor-widget elementor-widget-button\" data-id=\"f79d3ff\" data-element_type=\"widget\" data-e-type=\"widget\" data-widget_type=\"button.default\">\n\t\t\t\t\t\t\t\t\t\t<a class=\"elementor-button elementor-button-link elementor-size-xl\" href=\"https:\/\/badcatsailing.com\/fr\/fete-en-bateau\/\">\n\t\t\t\t\t\t<span class=\"elementor-button-content-wrapper\">\n\t\t\t\t\t\t\t\t\t<span class=\"elementor-button-text\">+ plus d'informations<\/span>\n\t\t\t\t\t<\/span>\n\t\t\t\t\t<\/a>\n\t\t\t\t\t\t\t\t<\/div>\n\t\t\t\t<div class=\"elementor-element elementor-element-5329508 elementor-widget elementor-widget-heading\" data-id=\"5329508\" data-element_type=\"widget\" data-e-type=\"widget\" data-widget_type=\"heading.default\">\n\t\t\t\t\t<h2 class=\"elementor-heading-title elementor-size-default\">Coucher de soleil<\/h2>\t\t\t\t<\/div>\n\t\t\t\t<div class=\"elementor-element elementor-element-9494117 elementor-widget elementor-widget-text-editor\" data-id=\"9494117\" data-element_type=\"widget\" data-e-type=\"widget\" data-widget_type=\"text-editor.default\">\n\t\t\t\t\t\t\t\t\t<p>Sans aucun doute, l&#8217;un des plus beaux moments de la journ\u00e9e est celui du coucher du soleil, qui nous offre un spectacle magnifique.<br> Admirez le coucher de soleil sur la mer et vivez une exp\u00e9rience magique \u00e0 bord de l&#8217;Is\u00e0vena.<\/p>\t\t\t\t\t\t\t\t<\/div>\n\t\t\t\t<div data-dce-background-color=\"#FFFFFF\" class=\"elementor-element elementor-element-6da5625 elementor-align-center elementor-widget elementor-widget-button\" data-id=\"6da5625\" data-element_type=\"widget\" data-e-type=\"widget\" data-widget_type=\"button.default\">\n\t\t\t\t\t\t\t\t\t\t<a class=\"elementor-button elementor-button-link elementor-size-xl\" href=\"https:\/\/badcatsailing.com\/fr\/coucher-de-soleil\/\">\n\t\t\t\t\t\t<span class=\"elementor-button-content-wrapper\">\n\t\t\t\t\t\t\t\t\t<span class=\"elementor-button-text\">+ plus d'informations<\/span>\n\t\t\t\t\t<\/span>\n\t\t\t\t\t<\/a>\n\t\t\t\t\t\t\t\t<\/div>\n\t\t\t\t<\/div>\n\t\t\t\t<\/div>\n\t\t<div class=\"elementor-element elementor-element-30c6ef6 e-con-full e-flex e-con e-parent\" data-id=\"30c6ef6\" data-element_type=\"container\" data-e-type=\"container\">\n\t\t\t\t<div data-dce-title-color=\"#000000\" class=\"elementor-element elementor-element-16f32e5 elementor-widget elementor-widget-heading\" data-id=\"16f32e5\" data-element_type=\"widget\" data-e-type=\"widget\" data-widget_type=\"heading.default\">\n\t\t\t\t\t<h2 class=\"elementor-heading-title elementor-size-default\">SOUHAITEZ-VOUS PERSONNALISER VOTRE EXP\u00c9RIENCE ?<\/h2>\t\t\t\t<\/div>\n\t\t\t\t<div class=\"elementor-element elementor-element-1eb1113 elementor-widget elementor-widget-text-editor\" data-id=\"1eb1113\" data-element_type=\"widget\" data-e-type=\"widget\" data-widget_type=\"text-editor.default\">\n\t\t\t\t\t\t\t\t\t<p>Toutes nos exp\u00e9riences incluent tout ce dont vous avez besoin pour en profiter pleinement.<br> de la mer et de la navigation.<br> N\u00e9anmoins, nous pouvons personnaliser votre exp\u00e9rience pour la rendre encore plus sp\u00e9ciale.<br> Nous avons organis\u00e9 des soir\u00e9es gastronomiques avec des chefs \u00e9toil\u00e9s Michelin,<br> S\u00e9ances photo pour mariages, communions, et bien plus encore ! N&#8217;h\u00e9sitez pas !<br> Nous sommes ouverts \u00e0 vos id\u00e9es.<br> Ouvrez ce <span style=\"text-decoration: underline;\"><a href=\"https:\/\/badcatsailing.com\/fr\/contact\/\">FORMULAIRE<\/a><\/span> et dites-nous tout. <\/p>\t\t\t\t\t\t\t\t<\/div>\n\t\t\t\t<div data-dce-background-color=\"#FFFFFF\" class=\"elementor-element elementor-element-2800224 elementor-align-center elementor-widget elementor-widget-button\" data-id=\"2800224\" data-element_type=\"widget\" data-e-type=\"widget\" data-widget_type=\"button.default\">\n\t\t\t\t\t\t\t\t\t\t<a class=\"elementor-button elementor-button-link elementor-size-xl\" href=\"https:\/\/badcatsailing.com\/wp-content\/uploads\/2024\/08\/Packs-Isavena.pdf\">\n\t\t\t\t\t\t<span class=\"elementor-button-content-wrapper\">\n\t\t\t\t\t\t\t\t\t<span class=\"elementor-button-text\">Menu des collations et des boissons<\/span>\n\t\t\t\t\t<\/span>\n\t\t\t\t\t<\/a>\n\t\t\t\t\t\t\t\t<\/div>\n\t\t\t\t<\/div>\n\t\t<div class=\"elementor-element elementor-element-7fae290 e-con-full e-flex e-con e-parent\" data-id=\"7fae290\" data-element_type=\"container\" data-e-type=\"container\">\n\t\t\t\t<div class=\"elementor-element elementor-element-de4a0f3 elementor-widget__width-initial elementor-widget-mobile__width-inherit elementor-widget elementor-widget-heading\" data-id=\"de4a0f3\" data-element_type=\"widget\" data-e-type=\"widget\" data-widget_type=\"heading.default\">\n\t\t\t\t\t<h2 class=\"elementor-heading-title elementor-size-default\">QU'EST-CE QUI EST INCLUS ?<br> NOS ITIN\u00c9RAIRES ?<\/h2>\t\t\t\t<\/div>\n\t\t\t\t<div class=\"elementor-element elementor-element-cb103ea elementor-widget__width-initial elementor-widget-mobile__width-inherit elementor-widget elementor-widget-text-editor\" data-id=\"cb103ea\" data-element_type=\"widget\" data-e-type=\"widget\" data-widget_type=\"text-editor.default\">\n\t\t\t\t\t\t\t\t\t<p>VOILIER ENTI\u00c8REMENT \u00c9QUIP\u00c9<\/p><p>MOD\u00c8LE PROFESSIONNEL<\/p><p>CAPACIT\u00c9 POUR 11 PERSONNES<\/p><p>ACTIVIT\u00c9S \u00c0 BORD : PADDLE SURF + KAYAK + MASQUE DE PLONG\u00c9E AVEC TUBA<\/p><p>COLLATIONS : NOIX<\/p><p>BOISSONS : 1 BOISSON (EAU, BI\u00c8RE OU SODA) PAR PERSONNE<\/p><p>D\u00c9PART DU PORT DE PLAYA DE ARO<\/p><p>SERVICE DE CARBURANT ET DE NETTOYAGE<\/p>\t\t\t\t\t\t\t\t<\/div>\n\t\t\t\t<div class=\"elementor-element elementor-element-5f8038e elementor-widget__width-inherit elementor-widget elementor-widget-text-editor\" data-id=\"5f8038e\" data-element_type=\"widget\" data-e-type=\"widget\" data-widget_type=\"text-editor.default\">\n\t\t\t\t\t\t\t\t\t<p>*Si des demandes suppl\u00e9mentaires sont n\u00e9cessaires&nbsp;: <span style=\"text-decoration: underline;\"><a href=\"https:\/\/badcatsailing.com\/fr\/contact\/\">OUVRIR LE FORMULAIRE<\/a><\/span><\/p><p>Pour toute autre question, veuillez <span style=\"text-decoration: underline;\"><a href=\"mailto:info@badcatsailing.com\">nous contacter par courriel<\/a><\/span> ou <span style=\"text-decoration: underline;\"><a href=\"tel:0034722710267\">par t\u00e9l\u00e9phone.<\/a><\/span><\/p>\t\t\t\t\t\t\t\t<\/div>\n\t\t\t\t<\/div>\n\t\t<!-- dce invisible element 3233660 -->\t\t<\/div>\n\t\t","protected":false},"excerpt":{"rendered":"<p>EXP\u00c9RIENCES Chez BADCAT SAILING, nous vous proposons les \u00ab packs d&#8217;exp\u00e9rience \u00bb suivants, que vous pouvez d\u00e9sormais personnaliser selon vos envies. F\u00eate en bateau Envie de vivre une f\u00eate inoubliable en mer ?Montez \u00e0 bord de nos navires et ne manquez pas la meilleure soir\u00e9e que nous puissions vous offrir, \u00e0 partager avec vos proches. [&hellip;]<\/p>\n","protected":false},"author":1,"featured_media":4306,"parent":0,"menu_order":0,"comment_status":"closed","ping_status":"closed","template":"","meta":{"_acf_changed":false,"footnotes":""},"class_list":["post-5600","page","type-page","status-publish","has-post-thumbnail","hentry"],"acf":[],"_links":{"self":[{"href":"https:\/\/badcatsailing.com\/fr\/wp-json\/wp\/v2\/pages\/5600","targetHints":{"allow":["GET"]}}],"collection":[{"href":"https:\/\/badcatsailing.com\/fr\/wp-json\/wp\/v2\/pages"}],"about":[{"href":"https:\/\/badcatsailing.com\/fr\/wp-json\/wp\/v2\/types\/page"}],"author":[{"embeddable":true,"href":"https:\/\/badcatsailing.com\/fr\/wp-json\/wp\/v2\/users\/1"}],"replies":[{"embeddable":true,"href":"https:\/\/badcatsailing.com\/fr\/wp-json\/wp\/v2\/comments?post=5600"}],"version-history":[{"count":2,"href":"https:\/\/badcatsailing.com\/fr\/wp-json\/wp\/v2\/pages\/5600\/revisions"}],"predecessor-version":[{"id":5620,"href":"https:\/\/badcatsailing.com\/fr\/wp-json\/wp\/v2\/pages\/5600\/revisions\/5620"}],"wp:featuredmedia":[{"embeddable":true,"href":"https:\/\/badcatsailing.com\/fr\/wp-json\/wp\/v2\/media\/4306"}],"wp:attachment":[{"href":"https:\/\/badcatsailing.com\/fr\/wp-json\/wp\/v2\/media?parent=5600"}],"curies":[{"name":"wp","href":"https:\/\/api.w.org\/{rel}","templated":true}]}}