{"id":5613,"date":"2022-06-15T08:23:36","date_gmt":"2022-06-15T07:23:36","guid":{"rendered":"https:\/\/badcatsailing.com\/louez-un-voilier\/"},"modified":"2026-03-27T20:48:22","modified_gmt":"2026-03-27T19:48:22","slug":"louez-un-voilier","status":"publish","type":"page","link":"https:\/\/badcatsailing.com\/fr\/louez-un-voilier\/","title":{"rendered":"Louez un voilier"},"content":{"rendered":"\t\t<div data-elementor-type=\"wp-page\" data-elementor-id=\"5613\" class=\"elementor elementor-5613 elementor-136\" data-elementor-post-type=\"page\">\n\t\t\t\t<!-- dce invisible element f624e02 --><div class=\"elementor-element elementor-element-3f6e074 e-con-full e-flex e-con e-parent\" data-id=\"3f6e074\" data-element_type=\"container\" data-e-type=\"container\">\n\t\t<div data-dce-background-image-url=\"https:\/\/badcatsailing.com\/wp-content\/uploads\/2022\/08\/experiencias-bad-cat.jpg\" class=\"elementor-element elementor-element-5df5f46 elementor-hidden-tablet elementor-hidden-mobile e-con-full e-flex e-con e-child\" data-id=\"5df5f46\" data-element_type=\"container\" data-e-type=\"container\" data-settings=\"{&quot;background_background&quot;:&quot;classic&quot;}\">\n\t\t\t\t<\/div>\n\t\t<div class=\"elementor-element elementor-element-e94b157 e-con-full e-flex e-con e-child\" data-id=\"e94b157\" data-element_type=\"container\" data-e-type=\"container\">\n\t\t\t\t<div data-dce-title-color=\"#000000\" class=\"elementor-element elementor-element-f03d1e9 elementor-widget elementor-widget-heading\" data-id=\"f03d1e9\" data-element_type=\"widget\" data-e-type=\"widget\" data-widget_type=\"heading.default\">\n\t\t\t\t\t<h1 class=\"elementor-heading-title elementor-size-default\">LOUER<br> PLATJA D'ARO VOILIER<\/h1>\t\t\t\t<\/div>\n\t\t\t\t<div data-dce-background-color=\"#FFFFFF\" class=\"elementor-element elementor-element-eccaf3b elementor-align-left elementor-widget elementor-widget-button\" data-id=\"eccaf3b\" data-element_type=\"widget\" data-e-type=\"widget\" data-widget_type=\"button.default\">\n\t\t\t\t\t\t\t\t\t\t<a class=\"elementor-button elementor-button-link elementor-size-xl\" href=\"https:\/\/badcatsailing.com\/wp-content\/uploads\/2025\/05\/Packs-Isavena-2025-DIN-A4.pdf\">\n\t\t\t\t\t\t<span class=\"elementor-button-content-wrapper\">\n\t\t\t\t\t\t\t\t\t<span class=\"elementor-button-text\">Menu des collations et des boissons<\/span>\n\t\t\t\t\t<\/span>\n\t\t\t\t\t<\/a>\n\t\t\t\t\t\t\t\t<\/div>\n\t\t\t\t<div class=\"elementor-element elementor-element-2814e91 elementor-widget elementor-widget-shortcode\" data-id=\"2814e91\" data-element_type=\"widget\" data-e-type=\"widget\" data-widget_type=\"shortcode.default\">\n\t\t\t\t\t\t\t<div class=\"elementor-shortcode\">\n<!-- MISTERPLAN PLUGIN 1.1.44-->\n<!-- MISTERPLAN PLUGIN MOTOR TIPO 2 ID ELEMENTO 14178 DESTINO 5254 PV 6930-->\n<div class=\"MrPlanPlugin_MotorContainer MrPlanPlugin_MotorContainer_2\" >\n    <div id=\"rpsv_IncWidgetFicha\" class=\"MrPlanPlugin_CapaMotor\">       \n        \n                <script \n            nowprocket\n            type=\"text\/javascript\"\n            id_elemento=\"14178\"\n            tipo_elemento=\"2\"\n            idw=\"2868\"\n            w_type=\"\"\n            TEws_fecha_ini=\"\"\n            url_confirmacion=\"https:\/\/badcatsailing.com\/confirmacion-de-reserva\/\"\n            w_contenido=\"simple\"\n            w_param=\"getURL\"\n            id_idioma=\"3\"\n            paramHash=\"776fac4b2390a72cf7dfa4ded0fbf79dff8a58a2\"\n            src=\"https:\/\/www.mrplan.io\/experiencias\/modulos\/TExpReverse\/lib\/TExpReverseInc.php?id_experiencia=14178&idw=2868&paramHash=776fac4b2390a72cf7dfa4ded0fbf79dff8a58a2&source_plugin=MrPlanPlugin&web_plugin=https%3A%2F%2Fbadcatsailing.com%2Ffr%2Flouez-un-voilier%2F\">\n        <\/script>\n            <\/div>\n<\/div>\n\n<\/div>\n\t\t\t\t\t\t<\/div>\n\t\t\t\t<\/div>\n\t\t\t\t<\/div>\n\t\t<div class=\"elementor-element elementor-element-d2d9eac e-con-full elementor-hidden-tablet elementor-hidden-mobile e-flex e-con e-parent\" data-id=\"d2d9eac\" data-element_type=\"container\" data-e-type=\"container\" data-settings=\"{&quot;enabled_visibility&quot;:&quot;yes&quot;,&quot;dce_visibility_selected&quot;:&quot;yes&quot;}\">\n\t\t\t\t<div data-dce-title-color=\"#000000\" class=\"elementor-element elementor-element-039a9cf elementor-widget elementor-widget-heading\" data-id=\"039a9cf\" data-element_type=\"widget\" data-e-type=\"widget\" data-widget_type=\"heading.default\">\n\t\t\t\t\t<h3 class=\"elementor-heading-title elementor-size-default\">\u00c0 BORD DE L'ISAVE<\/h3>\t\t\t\t<\/div>\n\t\t\t\t<div class=\"elementor-element elementor-element-7a83cb4 elementor-widget elementor-widget-text-editor\" data-id=\"7a83cb4\" data-element_type=\"widget\" data-e-type=\"widget\" data-widget_type=\"text-editor.default\">\n\t\t\t\t\t\t\t\t\t<p style=\"text-align: center;\">D\u00e9couvrez la Costa Brava et vivez une aventure inoubliable en famille ou entre amis.<br> Des exp\u00e9riences uniques con\u00e7ues pour vous permettre de profiter pleinement de la navigation et de la d\u00e9couverte des criques et des plages. D\u00e9part de Port d&#8217;Aro <\/p>\t\t\t\t\t\t\t\t<\/div>\n\t\t\t\t<\/div>\n\t\t<div class=\"elementor-element elementor-element-bcccef7 e-con-full e-flex e-con e-parent\" data-id=\"bcccef7\" data-element_type=\"container\" data-e-type=\"container\">\n\t\t\t\t<div class=\"elementor-element elementor-element-ca2c076 elementor-widget__width-initial elementor-widget-mobile__width-inherit elementor-widget elementor-widget-heading\" data-id=\"ca2c076\" data-element_type=\"widget\" data-e-type=\"widget\" data-widget_type=\"heading.default\">\n\t\t\t\t\t<h2 class=\"elementor-heading-title elementor-size-default\">QU'EST-CE QUI EST INCLUS ?<br> NOS ITIN\u00c9RAIRES ?<\/h2>\t\t\t\t<\/div>\n\t\t\t\t<div class=\"elementor-element elementor-element-79f7572 elementor-widget__width-initial elementor-widget-mobile__width-inherit elementor-widget elementor-widget-text-editor\" data-id=\"79f7572\" data-element_type=\"widget\" data-e-type=\"widget\" data-widget_type=\"text-editor.default\">\n\t\t\t\t\t\t\t\t\t<p>LOCATION DE VOILIER ENTI\u00c8REMENT \u00c9QUIP\u00c9<\/p><p>MOD\u00c8LE PROFESSIONNEL<\/p><p>CAPACIT\u00c9 POUR 11 PERSONNES<\/p><p>ACTIVIT\u00c9S \u00c0 BORD : PADDLE SURF + KAYAK + MASQUE DE PLONG\u00c9E AVEC TUBA<\/p><p>COLLATIONS : NOIX<\/p><p>BOISSONS : 1 BOUTEILLE D&#8217;EAU \/ DE BI\u00c8RE \/ DE SODA PAR PERSONNE<\/p><p>D\u00c9PART DU PORT DE PLAYA DE ARO<\/p><p>SERVICE DE CARBURANT ET DE NETTOYAGE<\/p>\t\t\t\t\t\t\t\t<\/div>\n\t\t\t\t<div class=\"elementor-element elementor-element-37f7db1 elementor-widget__width-inherit elementor-widget elementor-widget-text-editor\" data-id=\"37f7db1\" data-element_type=\"widget\" data-e-type=\"widget\" data-widget_type=\"text-editor.default\">\n\t\t\t\t\t\t\t\t\t<p>*Si des demandes suppl\u00e9mentaires sont n\u00e9cessaires&nbsp;: <span style=\"text-decoration: underline;\"><a href=\"https:\/\/badcatsailing.com\/fr\/contact\/\">OUVRIR LE FORMULAIRE<\/a><\/span><\/p><p>Pour toute autre question, veuillez <span style=\"text-decoration: underline;\"><a href=\"mailto:info@badcatsailing.com\">nous contacter par courriel<\/a><\/span> ou <span style=\"text-decoration: underline;\"><a href=\"tel:0034722710267\">par t\u00e9l\u00e9phone.<\/a><\/span><\/p>\t\t\t\t\t\t\t\t<\/div>\n\t\t\t\t<\/div>\n\t\t<div class=\"elementor-element elementor-element-48f1c3c elementor-hidden-desktop elementor-hidden-laptop e-flex e-con-boxed elementor-invisible e-con e-parent\" data-id=\"48f1c3c\" data-element_type=\"container\" data-e-type=\"container\" data-settings=\"{&quot;sticky&quot;:&quot;bottom&quot;,&quot;animation&quot;:&quot;fadeIn&quot;,&quot;sticky_on&quot;:[&quot;tablet&quot;,&quot;mobile&quot;],&quot;background_background&quot;:&quot;classic&quot;,&quot;animation_mobile&quot;:&quot;slideInUp&quot;,&quot;sticky_offset&quot;:0,&quot;sticky_effects_offset&quot;:0,&quot;sticky_anchor_link_offset&quot;:0}\">\n\t\t\t\t\t<div class=\"e-con-inner\">\n\t\t\t\t<div class=\"elementor-element elementor-element-5d06c61 elementor-widget-mobile__width-auto elementor-widget__width-auto elementor-widget-tablet__width-auto elementor-widget elementor-widget-image\" data-id=\"5d06c61\" data-element_type=\"widget\" data-e-type=\"widget\" data-widget_type=\"image.default\">\n\t\t\t\t\t\t\t\t\t\t\t\t\t\t\t\t<a href=\"https:\/\/www.instagram.com\/badcat.sailing\/\" target=\"_blank\" rel=\"noopener\">\n\t\t\t\t\t\t\t<img decoding=\"async\" width=\"197\" height=\"196\" src=\"https:\/\/badcatsailing.com\/wp-content\/uploads\/2022\/08\/Recurso-22.png\" class=\"attachment-full size-full wp-image-3211\" alt=\"\" srcset=\"https:\/\/badcatsailing.com\/wp-content\/uploads\/2022\/08\/Recurso-22.png.webp 197w, https:\/\/badcatsailing.com\/wp-content\/uploads\/2022\/08\/Recurso-22-150x150.png.webp 150w\" sizes=\"(max-width: 197px) 100vw, 197px\" \/>\t\t\t\t\t\t\t\t<\/a>\n\t\t\t\t\t\t\t\t\t\t\t\t\t\t\t<\/div>\n\t\t\t\t<div class=\"elementor-element elementor-element-d4bfe1b elementor-widget-mobile__width-auto elementor-widget-laptop__width-auto elementor-widget__width-auto elementor-view-default elementor-widget elementor-widget-icon\" data-id=\"d4bfe1b\" data-element_type=\"widget\" data-e-type=\"widget\" data-widget_type=\"icon.default\">\n\t\t\t\t\t\t\t<div class=\"elementor-icon-wrapper\">\n\t\t\t<a class=\"elementor-icon\" href=\"#elementor-action%3Aaction%3Dpopup%3Aopen%26settings%3DeyJpZCI6NTY4MCwidG9nZ2xlIjpmYWxzZX0%3D\">\n\t\t\t<svg aria-hidden=\"true\" class=\"e-font-icon-svg e-fas-bars\" viewBox=\"0 0 448 512\" xmlns=\"http:\/\/www.w3.org\/2000\/svg\"><path d=\"M16 132h416c8.837 0 16-7.163 16-16V76c0-8.837-7.163-16-16-16H16C7.163 60 0 67.163 0 76v40c0 8.837 7.163 16 16 16zm0 160h416c8.837 0 16-7.163 16-16v-40c0-8.837-7.163-16-16-16H16c-8.837 0-16 7.163-16 16v40c0 8.837 7.163 16 16 16zm0 160h416c8.837 0 16-7.163 16-16v-40c0-8.837-7.163-16-16-16H16c-8.837 0-16 7.163-16 16v40c0 8.837 7.163 16 16 16z\"><\/path><\/svg>\t\t\t<\/a>\n\t\t<\/div>\n\t\t\t\t\t\t<\/div>\n\t\t<!-- dce invisible element 4162cb0 -->\t\t\t<\/div>\n\t\t\t\t<\/div>\n\t\t\t\t<\/div>\n\t\t","protected":false},"excerpt":{"rendered":"<p>\u00c0 BORD DE L&#8217;ISAVE D\u00e9couvrez la Costa Brava et vivez une aventure inoubliable en famille ou entre amis. Des exp\u00e9riences uniques con\u00e7ues pour vous permettre de profiter pleinement de la navigation et de la d\u00e9couverte des criques et des plages. D\u00e9part de Port d&#8217;Aro LOUER PLATJA D&#8217;ARO VOILIER Menu des collations et des boissons \u00c0 [&hellip;]<\/p>\n","protected":false},"author":1,"featured_media":5055,"parent":0,"menu_order":0,"comment_status":"closed","ping_status":"closed","template":"","meta":{"_acf_changed":false,"footnotes":""},"class_list":["post-5613","page","type-page","status-publish","has-post-thumbnail","hentry"],"acf":[],"_links":{"self":[{"href":"https:\/\/badcatsailing.com\/fr\/wp-json\/wp\/v2\/pages\/5613","targetHints":{"allow":["GET"]}}],"collection":[{"href":"https:\/\/badcatsailing.com\/fr\/wp-json\/wp\/v2\/pages"}],"about":[{"href":"https:\/\/badcatsailing.com\/fr\/wp-json\/wp\/v2\/types\/page"}],"author":[{"embeddable":true,"href":"https:\/\/badcatsailing.com\/fr\/wp-json\/wp\/v2\/users\/1"}],"replies":[{"embeddable":true,"href":"https:\/\/badcatsailing.com\/fr\/wp-json\/wp\/v2\/comments?post=5613"}],"version-history":[{"count":3,"href":"https:\/\/badcatsailing.com\/fr\/wp-json\/wp\/v2\/pages\/5613\/revisions"}],"predecessor-version":[{"id":5809,"href":"https:\/\/badcatsailing.com\/fr\/wp-json\/wp\/v2\/pages\/5613\/revisions\/5809"}],"wp:featuredmedia":[{"embeddable":true,"href":"https:\/\/badcatsailing.com\/fr\/wp-json\/wp\/v2\/media\/5055"}],"wp:attachment":[{"href":"https:\/\/badcatsailing.com\/fr\/wp-json\/wp\/v2\/media?parent=5613"}],"curies":[{"name":"wp","href":"https:\/\/api.w.org\/{rel}","templated":true}]}}