{"id":5626,"date":"2022-06-16T08:45:38","date_gmt":"2022-06-16T07:45:38","guid":{"rendered":"https:\/\/badcatsailing.com\/costa-brava\/"},"modified":"2026-03-27T20:32:55","modified_gmt":"2026-03-27T19:32:55","slug":"costa-brava","status":"publish","type":"page","link":"https:\/\/badcatsailing.com\/fr\/costa-brava\/","title":{"rendered":"Costa Brava"},"content":{"rendered":"\t\t<div data-elementor-type=\"wp-page\" data-elementor-id=\"5626\" class=\"elementor elementor-5626 elementor-264\" data-elementor-post-type=\"page\">\n\t\t\t\t<!-- dce invisible element b5a76ac --><div class=\"elementor-element elementor-element-b5fe026 e-flex e-con-boxed e-con e-parent\" data-id=\"b5fe026\" data-element_type=\"container\" data-e-type=\"container\" data-settings=\"{&quot;enabled_visibility&quot;:&quot;yes&quot;,&quot;dce_visibility_selected&quot;:&quot;yes&quot;}\">\n\t\t\t\t\t<div class=\"e-con-inner\">\n\t\t\t\t<div class=\"elementor-element elementor-element-d6373dc elementor-widget elementor-widget-heading\" data-id=\"d6373dc\" data-element_type=\"widget\" data-e-type=\"widget\" data-widget_type=\"heading.default\">\n\t\t\t\t\t<h2 class=\"elementor-heading-title elementor-size-default\">VIES<br> LA COSTA BRAVA<\/h2>\t\t\t\t<\/div>\n\t\t\t\t<div class=\"elementor-element elementor-element-4aaf8f3 elementor-widget elementor-widget-text-editor\" data-id=\"4aaf8f3\" data-element_type=\"widget\" data-e-type=\"widget\" data-widget_type=\"text-editor.default\">\n\t\t\t\t\t\t\t\t\t<p>D\u00e9couvrez les plus belles plages et criques de Catalogne depuis le c\u0153ur de la Costa Brava.<\/p>\t\t\t\t\t\t\t\t<\/div>\n\t\t\t\t\t<\/div>\n\t\t\t\t<\/div>\n\t\t<div class=\"elementor-element elementor-element-7362a89 e-con-full e-flex e-con e-parent\" data-id=\"7362a89\" data-element_type=\"container\" data-e-type=\"container\">\n\t\t<div class=\"elementor-element elementor-element-de01379 e-con-full e-flex e-con e-child\" data-id=\"de01379\" data-element_type=\"container\" data-e-type=\"container\">\n\t\t\t\t<div class=\"elementor-element elementor-element-128dd43 elementor-widget elementor-widget-heading\" data-id=\"128dd43\" data-element_type=\"widget\" data-e-type=\"widget\" data-widget_type=\"heading.default\">\n\t\t\t\t\t<h2 class=\"elementor-heading-title elementor-size-default\">PLAGES ET ANSES<\/h2>\t\t\t\t<\/div>\n\t\t\t\t<div class=\"elementor-element elementor-element-4d73720 elementor-widget-mobile__width-inherit elementor-widget elementor-widget-text-editor\" data-id=\"4d73720\" data-element_type=\"widget\" data-e-type=\"widget\" data-widget_type=\"text-editor.default\">\n\t\t\t\t\t\t\t\t\t<p>Vous voulez savoir quelles criques et plages notre \u00e9quipe BADCAT SAILING vous fera d\u00e9couvrir ?<br>Les meilleurs spots de la Costa Brava. 214 km de littoral englobant les r\u00e9gions catalanes de l&#8217;Alt Empord\u00e0, du Baix Empord\u00e0 et de La Selva dans la province de G\u00e9rone <\/p>\t\t\t\t\t\t\t\t<\/div>\n\t\t\t\t<div data-dce-background-color=\"#FFFFFF\" class=\"elementor-element elementor-element-5d3744c elementor-align-left elementor-tablet-align-center elementor-widget elementor-widget-button\" data-id=\"5d3744c\" data-element_type=\"widget\" data-e-type=\"widget\" data-widget_type=\"button.default\">\n\t\t\t\t\t\t\t\t\t\t<a class=\"elementor-button elementor-button-link elementor-size-xl\" href=\"https:\/\/badcatsailing.com\/fr\/criques-et-plages\/\">\n\t\t\t\t\t\t<span class=\"elementor-button-content-wrapper\">\n\t\t\t\t\t\t\t\t\t<span class=\"elementor-button-text\">D\u00e9couvrez les criques et les plages<\/span>\n\t\t\t\t\t<\/span>\n\t\t\t\t\t<\/a>\n\t\t\t\t\t\t\t\t<\/div>\n\t\t\t\t<\/div>\n\t\t<div class=\"elementor-element elementor-element-f74af45 e-con-full e-flex e-con e-child\" data-id=\"f74af45\" data-element_type=\"container\" data-e-type=\"container\">\n\t\t\t\t<div class=\"elementor-element elementor-element-58ecc76 elementor-widget elementor-widget-image\" data-id=\"58ecc76\" data-element_type=\"widget\" data-e-type=\"widget\" data-widget_type=\"image.default\">\n\t\t\t\t\t\t\t\t\t\t\t\t\t\t\t<img fetchpriority=\"high\" decoding=\"async\" width=\"1024\" height=\"768\" src=\"https:\/\/badcatsailing.com\/wp-content\/uploads\/2022\/08\/calas-playas.jpg\" class=\"attachment-full size-full wp-image-2884\" alt=\"\" srcset=\"https:\/\/badcatsailing.com\/wp-content\/uploads\/2022\/08\/calas-playas.jpg 1024w, https:\/\/badcatsailing.com\/wp-content\/uploads\/2022\/08\/calas-playas-300x225.jpg.webp 300w, https:\/\/badcatsailing.com\/wp-content\/uploads\/2022\/08\/calas-playas-768x576.jpg.webp 768w\" sizes=\"(max-width: 1024px) 100vw, 1024px\" \/>\t\t\t\t\t\t\t\t\t\t\t\t\t\t\t<\/div>\n\t\t\t\t<\/div>\n\t\t\t\t<\/div>\n\t\t<div class=\"elementor-element elementor-element-f116f32 e-con-full e-flex e-con e-parent\" data-id=\"f116f32\" data-element_type=\"container\" data-e-type=\"container\">\n\t\t<div class=\"elementor-element elementor-element-d03d8e4 e-con-full e-flex e-con e-child\" data-id=\"d03d8e4\" data-element_type=\"container\" data-e-type=\"container\">\n\t\t\t\t<div class=\"elementor-element elementor-element-cad36d2 elementor-widget elementor-widget-heading\" data-id=\"cad36d2\" data-element_type=\"widget\" data-e-type=\"widget\" data-widget_type=\"heading.default\">\n\t\t\t\t\t<h2 class=\"elementor-heading-title elementor-size-default\">PLATJA D'ARO<\/h2>\t\t\t\t<\/div>\n\t\t\t\t<div class=\"elementor-element elementor-element-bad6e37 elementor-widget-mobile__width-inherit elementor-widget elementor-widget-text-editor\" data-id=\"bad6e37\" data-element_type=\"widget\" data-e-type=\"widget\" data-widget_type=\"text-editor.default\">\n\t\t\t\t\t\t\t\t\t<p>Platja d&#8217;Aro est le c\u0153ur de la Costa Brava.<br> Une ville baln\u00e9aire id\u00e9ale pour passer des vacances en famille ou entre amis, et o\u00f9 se trouve notre port d&#8217;attache.<br> \u00c0 bord de notre voilier Is\u00e0vena Jeanneau Sun Odyssey 45, nous quitterons le port accueillant d&#8217;Aro pour vivre une exp\u00e9rience inoubliable.<\/p>\t\t\t\t\t\t\t\t<\/div>\n\t\t\t\t<div data-dce-background-color=\"#FFFFFF\" class=\"elementor-element elementor-element-3d960e9 elementor-align-left elementor-tablet-align-center elementor-widget elementor-widget-button\" data-id=\"3d960e9\" data-element_type=\"widget\" data-e-type=\"widget\" data-widget_type=\"button.default\">\n\t\t\t\t\t\t\t\t\t\t<a class=\"elementor-button elementor-button-link elementor-size-xl\" href=\"https:\/\/badcatsailing.com\/fr\/costa-brava\/port-dattache\/\">\n\t\t\t\t\t\t<span class=\"elementor-button-content-wrapper\">\n\t\t\t\t\t\t\t\t\t<span class=\"elementor-button-text\">D\u00e9couvrez Port d'Aro<\/span>\n\t\t\t\t\t<\/span>\n\t\t\t\t\t<\/a>\n\t\t\t\t\t\t\t\t<\/div>\n\t\t\t\t<\/div>\n\t\t<div class=\"elementor-element elementor-element-b5ec0a6 e-con-full e-flex e-con e-child\" data-id=\"b5ec0a6\" data-element_type=\"container\" data-e-type=\"container\">\n\t\t\t\t<div class=\"elementor-element elementor-element-4f19301 elementor-widget elementor-widget-image\" data-id=\"4f19301\" data-element_type=\"widget\" data-e-type=\"widget\" data-widget_type=\"image.default\">\n\t\t\t\t\t\t\t\t\t\t\t\t\t\t\t<img decoding=\"async\" width=\"1024\" height=\"768\" src=\"https:\/\/badcatsailing.com\/wp-content\/uploads\/2022\/08\/platja-daro.jpg\" class=\"attachment-full size-full wp-image-2892\" alt=\"\" srcset=\"https:\/\/badcatsailing.com\/wp-content\/uploads\/2022\/08\/platja-daro.jpg.webp 1024w, https:\/\/badcatsailing.com\/wp-content\/uploads\/2022\/08\/platja-daro-300x225.jpg.webp 300w, https:\/\/badcatsailing.com\/wp-content\/uploads\/2022\/08\/platja-daro-768x576.jpg.webp 768w\" sizes=\"(max-width: 1024px) 100vw, 1024px\" \/>\t\t\t\t\t\t\t\t\t\t\t\t\t\t\t<\/div>\n\t\t\t\t<\/div>\n\t\t\t\t<\/div>\n\t\t<div class=\"elementor-element elementor-element-4168cd2 e-con-full e-flex e-con e-parent\" data-id=\"4168cd2\" data-element_type=\"container\" data-e-type=\"container\">\n\t\t<div class=\"elementor-element elementor-element-ad5c2b7 e-con-full e-flex e-con e-child\" data-id=\"ad5c2b7\" data-element_type=\"container\" data-e-type=\"container\">\n\t\t\t\t<div class=\"elementor-element elementor-element-f1d762e elementor-widget elementor-widget-heading\" data-id=\"f1d762e\" data-element_type=\"widget\" data-e-type=\"widget\" data-widget_type=\"heading.default\">\n\t\t\t\t\t<h2 class=\"elementor-heading-title elementor-size-default\">BATEAU \u00c0 VOILIER ISAVENA<\/h2>\t\t\t\t<\/div>\n\t\t\t\t<div class=\"elementor-element elementor-element-93d3f0a elementor-widget-mobile__width-inherit elementor-widget elementor-widget-text-editor\" data-id=\"93d3f0a\" data-element_type=\"widget\" data-e-type=\"widget\" data-widget_type=\"text-editor.default\">\n\t\t\t\t\t\t\t\t\t<p>Envie de ressentir la sensation de naviguer au gr\u00e9 du vent ? De vivre une exp\u00e9rience inoubliable en haute mer avec votre famille et\/ou vos amis ? <br>Notre voilier, l&#8217;Is\u00e0vena Jeanneau Sun Odyssey 45, est \u00e0 votre disposition pour vous permettre de d\u00e9couvrir les plus beaux endroits de la c\u00f4te catalane. De plus, nous respectons la mer et l&#8217;environnement gr\u00e2ce \u00e0 notre bateau \u00e9coresponsable. <\/p>\t\t\t\t\t\t\t\t<\/div>\n\t\t\t\t<div data-dce-background-color=\"#FFFFFF\" class=\"elementor-element elementor-element-b6df6fd elementor-align-left elementor-tablet-align-center elementor-widget elementor-widget-button\" data-id=\"b6df6fd\" data-element_type=\"widget\" data-e-type=\"widget\" data-widget_type=\"button.default\">\n\t\t\t\t\t\t\t\t\t\t<a class=\"elementor-button elementor-button-link elementor-size-xl\" href=\"https:\/\/badcatsailing.com\/fr\/voilier-isavena\/\">\n\t\t\t\t\t\t<span class=\"elementor-button-content-wrapper\">\n\t\t\t\t\t\t\t\t\t<span class=\"elementor-button-text\">D\u00e9couvrez le voilier Is\u00e0vena<\/span>\n\t\t\t\t\t<\/span>\n\t\t\t\t\t<\/a>\n\t\t\t\t\t\t\t\t<\/div>\n\t\t\t\t<\/div>\n\t\t<div class=\"elementor-element elementor-element-eba6779 e-con-full e-flex e-con e-child\" data-id=\"eba6779\" data-element_type=\"container\" data-e-type=\"container\">\n\t\t\t\t<div class=\"elementor-element elementor-element-e3d822e elementor-widget elementor-widget-image\" data-id=\"e3d822e\" data-element_type=\"widget\" data-e-type=\"widget\" data-widget_type=\"image.default\">\n\t\t\t\t\t\t\t\t\t\t\t\t\t\t\t<img decoding=\"async\" width=\"1024\" height=\"768\" src=\"https:\/\/badcatsailing.com\/wp-content\/uploads\/2022\/08\/velero-isavena.jpg\" class=\"attachment-full size-full wp-image-2888\" alt=\"\" srcset=\"https:\/\/badcatsailing.com\/wp-content\/uploads\/2022\/08\/velero-isavena.jpg 1024w, https:\/\/badcatsailing.com\/wp-content\/uploads\/2022\/08\/velero-isavena-300x225.jpg 300w, https:\/\/badcatsailing.com\/wp-content\/uploads\/2022\/08\/velero-isavena-768x576.jpg 768w\" sizes=\"(max-width: 1024px) 100vw, 1024px\" \/>\t\t\t\t\t\t\t\t\t\t\t\t\t\t\t<\/div>\n\t\t\t\t<\/div>\n\t\t\t\t<\/div>\n\t\t<div class=\"elementor-element elementor-element-c84a68e e-flex e-con-boxed e-con e-parent\" data-id=\"c84a68e\" data-element_type=\"container\" data-e-type=\"container\">\n\t\t\t\t\t<div class=\"e-con-inner\">\n\t\t\t\t<div class=\"elementor-element elementor-element-3504181 elementor-widget elementor-widget-heading\" data-id=\"3504181\" data-element_type=\"widget\" data-e-type=\"widget\" data-widget_type=\"heading.default\">\n\t\t\t\t\t<h2 class=\"elementor-heading-title elementor-size-default\">R\u00c9SERVEZ VOTRE EXP\u00c9RIENCE D\u00c8S MAINTENANT !<br> NAVIGATION DE BADCAT !<\/h2>\t\t\t\t<\/div>\n\t\t\t\t<div class=\"elementor-element elementor-element-e291b4d elementor-widget elementor-widget-text-editor\" data-id=\"e291b4d\" data-element_type=\"widget\" data-e-type=\"widget\" data-widget_type=\"text-editor.default\">\n\t\t\t\t\t\t\t\t\t<p>Excursions \u00e0 la journ\u00e9e \/ Croisi\u00e8res au coucher du soleil \/ F\u00eates, c\u00e9l\u00e9brations ou \u00e9v\u00e9nements priv\u00e9s \/ Soir\u00e9e + d\u00eener sur un voilier \/ S\u00e9ance photo en mer&#8230;<\/p>\t\t\t\t\t\t\t\t<\/div>\n\t\t\t\t<div data-dce-background-color=\"#FFFFFF\" class=\"elementor-element elementor-element-b2feea0 elementor-align-center elementor-widget elementor-widget-button\" data-id=\"b2feea0\" data-element_type=\"widget\" data-e-type=\"widget\" data-widget_type=\"button.default\">\n\t\t\t\t\t\t\t\t\t\t<a class=\"elementor-button elementor-button-link elementor-size-xl\" href=\"https:\/\/badcatsailing.com\/fr\/voilier-isavena\/#reservaonline\">\n\t\t\t\t\t\t<span class=\"elementor-button-content-wrapper\">\n\t\t\t\t\t\t\t\t\t<span class=\"elementor-button-text\">R\u00e9servez maintenant<\/span>\n\t\t\t\t\t<\/span>\n\t\t\t\t\t<\/a>\n\t\t\t\t\t\t\t\t<\/div>\n\t\t\t\t\t<\/div>\n\t\t\t\t<\/div>\n\t\t<!-- dce invisible element e643732 -->\t\t<\/div>\n\t\t","protected":false},"excerpt":{"rendered":"<p>VIES LA COSTA BRAVA D\u00e9couvrez les plus belles plages et criques de Catalogne depuis le c\u0153ur de la Costa Brava. VIES LA COSTA BRAVA D\u00e9couvrez les plus belles plages et criques de Catalogne depuis le c\u0153ur de la Costa Brava. PLAGES ET ANSES Vous voulez savoir quelles criques et plages notre \u00e9quipe BADCAT SAILING vous [&hellip;]<\/p>\n","protected":false},"author":1,"featured_media":4805,"parent":0,"menu_order":0,"comment_status":"closed","ping_status":"closed","template":"","meta":{"_acf_changed":false,"footnotes":""},"class_list":["post-5626","page","type-page","status-publish","has-post-thumbnail","hentry"],"acf":[],"_links":{"self":[{"href":"https:\/\/badcatsailing.com\/fr\/wp-json\/wp\/v2\/pages\/5626","targetHints":{"allow":["GET"]}}],"collection":[{"href":"https:\/\/badcatsailing.com\/fr\/wp-json\/wp\/v2\/pages"}],"about":[{"href":"https:\/\/badcatsailing.com\/fr\/wp-json\/wp\/v2\/types\/page"}],"author":[{"embeddable":true,"href":"https:\/\/badcatsailing.com\/fr\/wp-json\/wp\/v2\/users\/1"}],"replies":[{"embeddable":true,"href":"https:\/\/badcatsailing.com\/fr\/wp-json\/wp\/v2\/comments?post=5626"}],"version-history":[{"count":2,"href":"https:\/\/badcatsailing.com\/fr\/wp-json\/wp\/v2\/pages\/5626\/revisions"}],"predecessor-version":[{"id":5785,"href":"https:\/\/badcatsailing.com\/fr\/wp-json\/wp\/v2\/pages\/5626\/revisions\/5785"}],"wp:featuredmedia":[{"embeddable":true,"href":"https:\/\/badcatsailing.com\/fr\/wp-json\/wp\/v2\/media\/4805"}],"wp:attachment":[{"href":"https:\/\/badcatsailing.com\/fr\/wp-json\/wp\/v2\/media?parent=5626"}],"curies":[{"name":"wp","href":"https:\/\/api.w.org\/{rel}","templated":true}]}}